{"id":2002,"date":"2024-04-30T10:59:52","date_gmt":"2024-04-30T08:59:52","guid":{"rendered":"https:\/\/mcarconstruction.com\/index.php\/blog\/"},"modified":"2025-07-31T19:57:58","modified_gmt":"2025-07-31T17:57:58","slug":"blog","status":"publish","type":"page","link":"https:\/\/mcarconstruction.com\/de\/index.php\/blog\/","title":{"rendered":"Blog"},"content":{"rendered":"\t\t<div data-elementor-type=\"wp-page\" data-elementor-id=\"2002\" class=\"elementor elementor-2002 elementor-362\" data-elementor-post-type=\"page\">\n\t\t\t\t\t\t<section class=\"elementor-section elementor-top-section elementor-element elementor-element-a26d72a elementor-section-full_width elementor-section-stretched elementor-section-height-default elementor-section-height-default\" data-id=\"a26d72a\" data-element_type=\"section\" data-settings=\"{&quot;stretch_section&quot;:&quot;section-stretched&quot;}\">\n\t\t\t\t\t\t<div class=\"elementor-container elementor-column-gap-no\">\n\t\t\t\t\t<div class=\"elementor-column elementor-col-100 elementor-top-column elementor-element elementor-element-0feac95\" data-id=\"0feac95\" data-element_type=\"column\">\n\t\t\t<div class=\"elementor-widget-wrap elementor-element-populated\">\n\t\t\t\t\t\t<div class=\"elementor-element elementor-element-6bf7fa8 elementor-widget elementor-widget-blog-post\" data-id=\"6bf7fa8\" data-element_type=\"widget\" data-widget_type=\"blog-post.default\">\n\t\t\t\t<div class=\"elementor-widget-container\">\n\t\t\t\t\t<div class=\"ak-height-75 ak-height-lg-80\"><\/div>\r\n    \t<section class=\"container  \"><h2 class=\"disp\">Section Heading<\/h2><div class=\"blog-feature 316\">\r\n\t\t\t<div class=\"feature-content\" data-aos=\"fade-right\" data-aos-delay=\"600\">\r\n\t\t\t\t<p class=\"data\">07. 31. 2025<\/p>\r\n\t\t\t\t<h4 class=\"title\">Willkommen auf unserer neuen Website<\/h4>\r\n\t\t\t\t<p class=\"desp\">Heute pr\u00e4sentieren wir stolz unsere neue Website, die es jedem Besucher erm\u00f6glicht, die Fr\u00fcchte unserer harten Arbeit und unseres Engagements f\u00fcr die Projekte, denen wir uns widmen, einfach und angenehm zu betrachten. Wir laden Sie ein, sich Fotos vom Projekt anzusehen.<\/p>\r\n\t\t\t\t<a href=\"https:\/\/mcarconstruction.com\/de\/index.php\/2025\/07\/31\/willkommen-auf-unserer-neuen-website\/\" class=\"more-btn\">READ MORE<\/a>\r\n\t\t\t<\/div>\r\n\t\t\t<div class=\"feature-img\" data-aos=\"fade-left\" data-aos-delay=\"600\">\r\n\t\t\t\t<img decoding=\"async\" src=\"https:\/\/mcarconstruction.com\/wp-content\/uploads\/2025\/07\/mcar-logo.png\" alt=\"MCar Construction\">\r\n\t\t\t<\/div>\r\n\t\t<\/div><\/section>\t\t\t\t<\/div>\n\t\t\t\t<\/div>\n\t\t\t\t\t<\/div>\n\t\t<\/div>\n\t\t\t\t\t<\/div>\n\t\t<\/section>\n\t\t\t\t<section class=\"elementor-section elementor-top-section elementor-element elementor-element-e65d22a elementor-section-full_width elementor-section-stretched elementor-section-height-default elementor-section-height-default\" data-id=\"e65d22a\" data-element_type=\"section\" data-settings=\"{&quot;stretch_section&quot;:&quot;section-stretched&quot;}\">\n\t\t\t\t\t\t<div class=\"elementor-container elementor-column-gap-no\">\n\t\t\t\t\t<div class=\"elementor-column elementor-col-100 elementor-top-column elementor-element elementor-element-f4ed270\" data-id=\"f4ed270\" data-element_type=\"column\">\n\t\t\t<div class=\"elementor-widget-wrap elementor-element-populated\">\n\t\t\t\t\t\t<div class=\"elementor-element elementor-element-440d4d2 elementor-widget elementor-widget-blog-post\" data-id=\"440d4d2\" data-element_type=\"widget\" data-widget_type=\"blog-post.default\">\n\t\t\t\t<div class=\"elementor-widget-container\">\n\t\t\t\t\t\r\n\t\t<div class=\"ak-height-50 ak-height-lg-50\"><\/div>\r\n\t\t<div class=\"container\">\r\n\t\t\t<div class=\"row row-cols-1 row-cols-md-1 row-cols-lg-3 g-5 g-lg-4 pagination-wrapper\"><div class=\"col\">\r\n\t\t<div class=\"blog-card\" data-aos=\"fade-up\">\t\t<a href=\"https:\/\/mcarconstruction.com\/de\/index.php\/2025\/07\/31\/prawa-patentowe\/\">\r\n\t\t\t\t<div class=\"blog-header-info\">\r\n\t\t\t\t\t<img decoding=\"async\" src=\"https:\/\/mcarconstruction.com\/wp-content\/uploads\/2025\/07\/patent-413x316.png\" alt=\"MCar Construction\">\r\n\t\t\t\t<\/div>\r\n\t\t\t<\/a>\t\t<div class=\"blog-body-info\">\r\n\t\t\t\t<p class=\"blog-text\">07. 31. 2025<\/p>\r\n\t\t\t\t<a href=\"https:\/\/mcarconstruction.com\/de\/index.php\/2025\/07\/31\/prawa-patentowe\/\" class=\"blog-title\">\r\n\t\t\t\t\tPatentrechte\r\n\t\t\t\t<\/a>\r\n\t\t\t<\/div>\r\n\t\t\t<div class=\"blog-footer-info\">\r\n\t\t\t\t<a href=\"https:\/\/mcarconstruction.com\/de\/index.php\/2025\/07\/31\/prawa-patentowe\/\" class=\"more-btn\">READ MORE<\/a>\r\n\t\t\t<\/div>\r\n\t\t<\/div>\r\n\t<\/div>  <\/div>\r\n\t\t<div class=\"ak-height-100 ak-height-lg-60\"><\/div>\r\n\t\t<div id=\"pagination-container\" class=\"pagination-style\"><\/div>\r\n\r\n\t<\/div>\t\t\t\t<\/div>\n\t\t\t\t<\/div>\n\t\t\t\t\t<\/div>\n\t\t<\/div>\n\t\t\t\t\t<\/div>\n\t\t<\/section>\n\t\t\t\t<\/div>\n\t\t","protected":false},"excerpt":{"rendered":"<p>Section Heading 07. 31. 2025 Willkommen auf unserer neuen Website Heute pr\u00e4sentieren wir stolz unsere neue Website, die es jedem Besucher erm\u00f6glicht, die Fr\u00fcchte unserer harten Arbeit und unseres Engagements f\u00fcr die Projekte, denen wir uns widmen, einfach und angenehm zu betrachten. Wir laden Sie ein, sich Fotos vom Projekt anzusehen. READ MORE 07. 31. [&hellip;]<\/p>\n","protected":false},"author":1,"featured_media":0,"parent":0,"menu_order":0,"comment_status":"closed","ping_status":"closed","template":"page-fullwidth.php","meta":{"_monsterinsights_skip_tracking":false,"_monsterinsights_sitenote_active":false,"_monsterinsights_sitenote_note":"","_monsterinsights_sitenote_category":0,"footnotes":""},"class_list":["post-2002","page","type-page","status-publish","hentry"],"aioseo_notices":[],"_links":{"self":[{"href":"https:\/\/mcarconstruction.com\/de\/index.php\/wp-json\/wp\/v2\/pages\/2002","targetHints":{"allow":["GET"]}}],"collection":[{"href":"https:\/\/mcarconstruction.com\/de\/index.php\/wp-json\/wp\/v2\/pages"}],"about":[{"href":"https:\/\/mcarconstruction.com\/de\/index.php\/wp-json\/wp\/v2\/types\/page"}],"author":[{"embeddable":true,"href":"https:\/\/mcarconstruction.com\/de\/index.php\/wp-json\/wp\/v2\/users\/1"}],"replies":[{"embeddable":true,"href":"https:\/\/mcarconstruction.com\/de\/index.php\/wp-json\/wp\/v2\/comments?post=2002"}],"version-history":[{"count":6,"href":"https:\/\/mcarconstruction.com\/de\/index.php\/wp-json\/wp\/v2\/pages\/2002\/revisions"}],"predecessor-version":[{"id":2017,"href":"https:\/\/mcarconstruction.com\/de\/index.php\/wp-json\/wp\/v2\/pages\/2002\/revisions\/2017"}],"wp:attachment":[{"href":"https:\/\/mcarconstruction.com\/de\/index.php\/wp-json\/wp\/v2\/media?parent=2002"}],"curies":[{"name":"wp","href":"https:\/\/api.w.org\/{rel}","templated":true}]}}