{"id":2026,"date":"2025-07-30T11:32:41","date_gmt":"2025-07-30T09:32:41","guid":{"rendered":"https:\/\/mcarconstruction.com\/index.php\/bis-35t\/"},"modified":"2025-08-23T09:00:36","modified_gmt":"2025-08-23T07:00:36","slug":"bis-35t","status":"publish","type":"page","link":"https:\/\/mcarconstruction.com\/de\/index.php\/bis-35t\/","title":{"rendered":"Bis 3,5t"},"content":{"rendered":"\t\t<div data-elementor-type=\"wp-page\" data-elementor-id=\"2026\" class=\"elementor elementor-2026 elementor-1703\" data-elementor-post-type=\"page\">\n\t\t\t\t<div class=\"elementor-element elementor-element-d76e46d e-flex e-con-boxed e-con e-parent\" data-id=\"d76e46d\" data-element_type=\"container\">\n\t\t\t\t\t<div class=\"e-con-inner\">\n\t\t\t\t<div class=\"elementor-element elementor-element-2023159 elementor-widget elementor-widget-heading\" data-id=\"2023159\" data-element_type=\"widget\" data-widget_type=\"heading.default\">\n\t\t\t\t<div class=\"elementor-widget-container\">\n\t\t\t\t\t<h2 class=\"elementor-heading-title elementor-size-default\">BIS ZU 3,5T AUTOS<\/h2>\t\t\t\t<\/div>\n\t\t\t\t<\/div>\n\t\t\t\t<div class=\"elementor-element elementor-element-96e3865 elementor-widget elementor-widget-text-editor\" data-id=\"96e3865\" data-element_type=\"widget\" data-widget_type=\"text-editor.default\">\n\t\t\t\t<div class=\"elementor-widget-container\">\n\t\t\t\t\t\t\t\t\t<p><a href=\"https:\/\/mcarconstruction.com\/de\/\">Start<\/a> \/ <a href=\"https:\/\/mcarconstruction.com\/de\/index.php\/bis-35t\/\">Bis zu 3,5t autos<\/a><\/p>\n\t\t\t\t\t\t\t\t<\/div>\n\t\t\t\t<\/div>\n\t\t\t\t<div class=\"elementor-element elementor-element-a4896ac elementor-widget-divider--view-line elementor-widget elementor-widget-divider\" data-id=\"a4896ac\" data-element_type=\"widget\" data-widget_type=\"divider.default\">\n\t\t\t\t<div class=\"elementor-widget-container\">\n\t\t\t\t\t\t\t<div class=\"elementor-divider\">\n\t\t\t<span class=\"elementor-divider-separator\">\n\t\t\t\t\t\t<\/span>\n\t\t<\/div>\n\t\t\t\t\t\t<\/div>\n\t\t\t\t<\/div>\n\t\t\t\t\t<\/div>\n\t\t\t\t<\/div>\n\t\t<div class=\"elementor-element elementor-element-7453265 e-flex e-con-boxed e-con e-parent\" data-id=\"7453265\" data-element_type=\"container\">\n\t\t\t\t\t<div class=\"e-con-inner\">\n\t\t\t\t<div class=\"elementor-element elementor-element-fa32e6f elementor-widget elementor-widget-video\" data-id=\"fa32e6f\" data-element_type=\"widget\" data-settings=\"{&quot;video_type&quot;:&quot;hosted&quot;,&quot;autoplay&quot;:&quot;yes&quot;,&quot;controls&quot;:&quot;yes&quot;}\" data-widget_type=\"video.default\">\n\t\t\t\t<div class=\"elementor-widget-container\">\n\t\t\t\t\t\t\t<div class=\"e-hosted-video elementor-wrapper elementor-open-inline\">\n\t\t\t\t\t<video class=\"elementor-video\" src=\"https:\/\/mcarconstruction.com\/wp-content\/uploads\/2025\/07\/Mercedes-Sprinter-1080p.mp4\" autoplay=\"\" controls=\"\" controlsList=\"nodownload\"><\/video>\n\t\t\t\t<\/div>\n\t\t\t\t\t\t<\/div>\n\t\t\t\t<\/div>\n\t\t\t\t\t<\/div>\n\t\t\t\t<\/div>\n\t\t<div class=\"elementor-element elementor-element-75cd4128 e-flex e-con-boxed e-con e-parent\" data-id=\"75cd4128\" data-element_type=\"container\">\n\t\t\t\t\t<div class=\"e-con-inner\">\n\t\t\t\t<div class=\"elementor-element elementor-element-5381e6a3 elementor-widget elementor-widget-text-editor\" data-id=\"5381e6a3\" data-element_type=\"widget\" data-widget_type=\"text-editor.default\">\n\t\t\t\t<div class=\"elementor-widget-container\">\n\t\t\t\t\t\t\t\t\t<p style=\"text-align: center;\">Unser Angebot f\u00fcr Fahrzeuge bis 3,5 Tonnen umfasst drei grundlegende Designlinien: <strong>MCCTRAX<\/strong>, <strong>Trendy<\/strong> und <strong>Progressive<\/strong>.<\/p>\n<p>&nbsp;<\/p>\n<p style=\"text-align: center;\">Jede Linie kann zus\u00e4tzlich mit der <strong>Dynamic-Version<\/strong> erweitert werden, bei der das Dach von der Karosseriemitte bis zur Fahrerkabine abgesenkt wird.<\/p>\n<p>&nbsp;<\/p>\n<p style=\"text-align: center;\">Sie k\u00f6nnen zwischen Aufbauten mit oder ohne Personalabteil w\u00e4hlen. Alle verf\u00fcgbaren Aufbauten k\u00f6nnen zudem frei an die individuellen Bed\u00fcrfnisse des Kunden angepasst werden.<\/p>\n<p>&nbsp;<\/p>\n<p style=\"text-align: center;\">Nachfolgend finden Sie eine Galerie unserer Projekte. Wir laden Sie ein, sich mit unserem Angebot vertraut zu machen.<\/p>\n\t\t\t\t\t\t\t\t<\/div>\n\t\t\t\t<\/div>\n\t\t\t\t\t<\/div>\n\t\t\t\t<\/div>\n\t\t<div class=\"elementor-element elementor-element-792d802 e-flex e-con-boxed e-con e-parent\" data-id=\"792d802\" data-element_type=\"container\">\n\t\t\t\t\t<div class=\"e-con-inner\">\n\t\t<div class=\"elementor-element elementor-element-c00fe84 e-con-full e-flex e-con e-child\" data-id=\"c00fe84\" data-element_type=\"container\">\n\t\t\t\t<div class=\"elementor-element elementor-element-a1f29e3 elementor-widget elementor-widget-heading\" data-id=\"a1f29e3\" data-element_type=\"widget\" data-widget_type=\"heading.default\">\n\t\t\t\t<div class=\"elementor-widget-container\">\n\t\t\t\t\t<h2 class=\"elementor-heading-title elementor-size-default\">MCCTRAX<\/h2>\t\t\t\t<\/div>\n\t\t\t\t<\/div>\n\t\t\t\t<div class=\"elementor-element elementor-element-288c5e7 elementor-widget elementor-widget-image\" data-id=\"288c5e7\" data-element_type=\"widget\" data-widget_type=\"image.default\">\n\t\t\t\t<div class=\"elementor-widget-container\">\n\t\t\t\t\t\t\t\t\t\t\t\t\t\t\t\t<a href=\"https:\/\/mcarconstruction.com\/index.php\/mcctrax\/\">\n\t\t\t\t\t\t\t<img fetchpriority=\"high\" decoding=\"async\" width=\"600\" height=\"400\" src=\"https:\/\/mcarconstruction.com\/wp-content\/uploads\/2025\/08\/mcctrax_600.png\" class=\"attachment-large size-large wp-image-2515\" alt=\"\" srcset=\"https:\/\/mcarconstruction.com\/wp-content\/uploads\/2025\/08\/mcctrax_600.png 600w, https:\/\/mcarconstruction.com\/wp-content\/uploads\/2025\/08\/mcctrax_600-300x200.png 300w\" sizes=\"(max-width: 600px) 100vw, 600px\" \/>\t\t\t\t\t\t\t\t<\/a>\n\t\t\t\t\t\t\t\t\t\t\t\t\t\t\t<\/div>\n\t\t\t\t<\/div>\n\t\t\t\t<\/div>\n\t\t<div class=\"elementor-element elementor-element-4ec4e63 e-grid e-con-full e-con e-child\" data-id=\"4ec4e63\" data-element_type=\"container\">\n\t\t\t\t<div class=\"elementor-element elementor-element-63ae5d0 elementor-widget elementor-widget-heading\" data-id=\"63ae5d0\" data-element_type=\"widget\" data-widget_type=\"heading.default\">\n\t\t\t\t<div class=\"elementor-widget-container\">\n\t\t\t\t\t<h2 class=\"elementor-heading-title elementor-size-default\"><a href=\"https:\/\/mcarconstruction.com\/de\/index.php\/mcctrax\/\">Trendy Line<\/a><\/h2>\t\t\t\t<\/div>\n\t\t\t\t<\/div>\n\t\t\t\t<div class=\"elementor-element elementor-element-ff81cce elementor-widget elementor-widget-heading\" data-id=\"ff81cce\" data-element_type=\"widget\" data-widget_type=\"heading.default\">\n\t\t\t\t<div class=\"elementor-widget-container\">\n\t\t\t\t\t<h2 class=\"elementor-heading-title elementor-size-default\"><a href=\"https:\/\/mcarconstruction.com\/de\/index.php\/progressive-line\/\">Progressive Line<\/a><\/h2>\t\t\t\t<\/div>\n\t\t\t\t<\/div>\n\t\t\t\t<div class=\"elementor-element elementor-element-99101fd elementor-widget elementor-widget-image\" data-id=\"99101fd\" data-element_type=\"widget\" data-widget_type=\"image.default\">\n\t\t\t\t<div class=\"elementor-widget-container\">\n\t\t\t\t\t\t\t\t\t\t\t\t\t\t\t\t<a href=\"https:\/\/mcarconstruction.com\/de\/index.php\/mcctrax\/\">\n\t\t\t\t\t\t\t<img decoding=\"async\" width=\"482\" height=\"400\" src=\"https:\/\/mcarconstruction.com\/wp-content\/uploads\/2025\/08\/trendy-line_600.png\" class=\"attachment-full size-full wp-image-2521\" alt=\"\" srcset=\"https:\/\/mcarconstruction.com\/wp-content\/uploads\/2025\/08\/trendy-line_600.png 482w, https:\/\/mcarconstruction.com\/wp-content\/uploads\/2025\/08\/trendy-line_600-300x249.png 300w\" sizes=\"(max-width: 482px) 100vw, 482px\" \/>\t\t\t\t\t\t\t\t<\/a>\n\t\t\t\t\t\t\t\t\t\t\t\t\t\t\t<\/div>\n\t\t\t\t<\/div>\n\t\t\t\t<div class=\"elementor-element elementor-element-635c4c1 elementor-widget elementor-widget-image\" data-id=\"635c4c1\" data-element_type=\"widget\" data-widget_type=\"image.default\">\n\t\t\t\t<div class=\"elementor-widget-container\">\n\t\t\t\t\t\t\t\t\t\t\t\t\t\t\t\t<a href=\"https:\/\/mcarconstruction.com\/de\/index.php\/progressive-line\/\">\n\t\t\t\t\t\t\t<img decoding=\"async\" width=\"500\" height=\"500\" src=\"https:\/\/mcarconstruction.com\/wp-content\/uploads\/2025\/08\/progressive-line_600.png\" class=\"attachment-full size-full wp-image-2524\" alt=\"\" srcset=\"https:\/\/mcarconstruction.com\/wp-content\/uploads\/2025\/08\/progressive-line_600.png 500w, https:\/\/mcarconstruction.com\/wp-content\/uploads\/2025\/08\/progressive-line_600-300x300.png 300w, https:\/\/mcarconstruction.com\/wp-content\/uploads\/2025\/08\/progressive-line_600-150x150.png 150w\" sizes=\"(max-width: 500px) 100vw, 500px\" \/>\t\t\t\t\t\t\t\t<\/a>\n\t\t\t\t\t\t\t\t\t\t\t\t\t\t\t<\/div>\n\t\t\t\t<\/div>\n\t\t\t\t<\/div>\n\t\t\t\t\t<\/div>\n\t\t\t\t<\/div>\n\t\t\t\t<\/div>\n\t\t","protected":false},"excerpt":{"rendered":"<p>BIS ZU 3,5T AUTOS Start \/ Bis zu 3,5t autos https:\/\/mcarconstruction.com\/wp-content\/uploads\/2025\/07\/Mercedes-Sprinter-1080p.mp4 Unser Angebot f\u00fcr Fahrzeuge bis 3,5 Tonnen umfasst drei grundlegende Designlinien: MCCTRAX, Trendy und Progressive. &nbsp; Jede Linie kann zus\u00e4tzlich mit der Dynamic-Version erweitert werden, bei der das Dach von der Karosseriemitte bis zur Fahrerkabine abgesenkt wird. &nbsp; Sie k\u00f6nnen zwischen Aufbauten mit oder [&hellip;]<\/p>\n","protected":false},"author":1,"featured_media":0,"parent":0,"menu_order":0,"comment_status":"closed","ping_status":"closed","template":"elementor_header_footer","meta":{"_monsterinsights_skip_tracking":false,"_monsterinsights_sitenote_active":false,"_monsterinsights_sitenote_note":"","_monsterinsights_sitenote_category":0,"footnotes":""},"class_list":["post-2026","page","type-page","status-publish","hentry"],"aioseo_notices":[],"_links":{"self":[{"href":"https:\/\/mcarconstruction.com\/de\/index.php\/wp-json\/wp\/v2\/pages\/2026","targetHints":{"allow":["GET"]}}],"collection":[{"href":"https:\/\/mcarconstruction.com\/de\/index.php\/wp-json\/wp\/v2\/pages"}],"about":[{"href":"https:\/\/mcarconstruction.com\/de\/index.php\/wp-json\/wp\/v2\/types\/page"}],"author":[{"embeddable":true,"href":"https:\/\/mcarconstruction.com\/de\/index.php\/wp-json\/wp\/v2\/users\/1"}],"replies":[{"embeddable":true,"href":"https:\/\/mcarconstruction.com\/de\/index.php\/wp-json\/wp\/v2\/comments?post=2026"}],"version-history":[{"count":7,"href":"https:\/\/mcarconstruction.com\/de\/index.php\/wp-json\/wp\/v2\/pages\/2026\/revisions"}],"predecessor-version":[{"id":2542,"href":"https:\/\/mcarconstruction.com\/de\/index.php\/wp-json\/wp\/v2\/pages\/2026\/revisions\/2542"}],"wp:attachment":[{"href":"https:\/\/mcarconstruction.com\/de\/index.php\/wp-json\/wp\/v2\/media?parent=2026"}],"curies":[{"name":"wp","href":"https:\/\/api.w.org\/{rel}","templated":true}]}}