{"id":2037,"date":"2025-08-23T08:59:32","date_gmt":"2025-08-23T06:59:32","guid":{"rendered":"https:\/\/mcarconstruction.com\/index.php\/trendy-line\/"},"modified":"2025-08-23T09:31:46","modified_gmt":"2025-08-23T07:31:46","slug":"mcctrax","status":"publish","type":"page","link":"https:\/\/mcarconstruction.com\/de\/index.php\/mcctrax\/","title":{"rendered":"MCCTRAX"},"content":{"rendered":"\t\t<div data-elementor-type=\"wp-page\" data-elementor-id=\"2037\" class=\"elementor elementor-2037 elementor-1555\" data-elementor-post-type=\"page\">\n\t\t\t\t<div class=\"elementor-element elementor-element-612148c e-flex e-con-boxed e-con e-parent\" data-id=\"612148c\" data-element_type=\"container\">\n\t\t\t\t\t<div class=\"e-con-inner\">\n\t\t\t\t<div class=\"elementor-element elementor-element-d172bc2 elementor-widget elementor-widget-heading\" data-id=\"d172bc2\" data-element_type=\"widget\" data-widget_type=\"heading.default\">\n\t\t\t\t<div class=\"elementor-widget-container\">\n\t\t\t\t\t<h1 class=\"elementor-heading-title elementor-size-default\">MCCTRAX<\/h1>\t\t\t\t<\/div>\n\t\t\t\t<\/div>\n\t\t\t\t<div class=\"elementor-element elementor-element-0794e3e elementor-widget elementor-widget-text-editor\" data-id=\"0794e3e\" data-element_type=\"widget\" data-widget_type=\"text-editor.default\">\n\t\t\t\t<div class=\"elementor-widget-container\">\n\t\t\t\t\t\t\t\t\t<p><a href=\"https:\/\/mcarconstruction.com\/de\/\">Start<\/a> \/ <a href=\"https:\/\/mcarconstruction.com\/de\/index.php\/mcctrax\/\">MCCTRAX<\/a><\/p>\t\t\t\t\t\t\t\t<\/div>\n\t\t\t\t<\/div>\n\t\t\t\t\t<\/div>\n\t\t\t\t<\/div>\n\t\t<div class=\"elementor-element elementor-element-a8cdaf3 e-flex e-con-boxed e-con e-parent\" data-id=\"a8cdaf3\" data-element_type=\"container\">\n\t\t\t\t\t<div class=\"e-con-inner\">\n\t\t\t\t<div class=\"elementor-element elementor-element-f64861c elementor-widget elementor-widget-text-editor\" data-id=\"f64861c\" data-element_type=\"widget\" data-widget_type=\"text-editor.default\">\n\t\t\t\t<div class=\"elementor-widget-container\">\n\t\t\t\t\t\t\t\t\t<p><span class=\"jCAhz ChMk0b\"><span class=\"ryNqvb\">Dieses neue Modell in unserem Angebot wird derzeit in Eigenregie gefertigt.<\/span><\/span> <span class=\"jCAhz ChMk0b\"><span class=\"ryNqvb\">Das Au\u00dfendesign wurde von Witold Bieniek, Inhaber von TRAX, entworfen.<\/span><\/span> <span class=\"jCAhz ChMk0b\"><span class=\"ryNqvb\">Die Designl\u00f6sungen und verwendeten Materialien basieren auf unserer langj\u00e4hrigen Erfahrung und der bew\u00e4hrten Technologie unserer anderen Modelle.<\/span><\/span> <span class=\"jCAhz ChMk0b\"><span class=\"ryNqvb\">Die Fotos zeigen Fahrzeuge, die derzeit in Polen zum Verkauf stehen.<\/span><\/span><\/p>\t\t\t\t\t\t\t\t<\/div>\n\t\t\t\t<\/div>\n\t\t\t\t\t<\/div>\n\t\t\t\t<\/div>\n\t\t<div class=\"elementor-element elementor-element-be442b3 e-flex e-con-boxed e-con e-parent\" data-id=\"be442b3\" data-element_type=\"container\">\n\t\t\t\t\t<div class=\"e-con-inner\">\n\t\t\t\t<div class=\"elementor-element elementor-element-1a78870 elementor-widget elementor-widget-text-editor\" data-id=\"1a78870\" data-element_type=\"widget\" data-widget_type=\"text-editor.default\">\n\t\t\t\t<div class=\"elementor-widget-container\">\n\t\t\t\t\t\t\t\t\t<p><strong>Geb\u00e4udespezifikationen:<\/strong><\/p>\n\t\t\t\t\t\t\t\t<\/div>\n\t\t\t\t<\/div>\n\t\t\t\t\t<\/div>\n\t\t\t\t<\/div>\n\t\t<div class=\"elementor-element elementor-element-8b28650 e-flex e-con-boxed e-con e-parent\" data-id=\"8b28650\" data-element_type=\"container\">\n\t\t\t\t\t<div class=\"e-con-inner\">\n\t\t\t\t<div class=\"elementor-element elementor-element-b41457d elementor-align-center elementor-widget elementor-widget-button\" data-id=\"b41457d\" data-element_type=\"widget\" data-widget_type=\"button.default\">\n\t\t\t\t<div class=\"elementor-widget-container\">\n\t\t\t\t\t\t\t\t\t<div class=\"elementor-button-wrapper\">\n\t\t\t\t\t<a class=\"elementor-button elementor-button-link elementor-size-sm\" href=\"https:\/\/mcarconstruction.com\/files\/oferta_standard_bez_pomieszczenia_socjalnego.pdf\">\n\t\t\t\t\t\t<span class=\"elementor-button-content-wrapper\">\n\t\t\t\t\t\t\t\t\t<span class=\"elementor-button-text\">Standardangebot ohne Sozialraum<\/span>\n\t\t\t\t\t<\/span>\n\t\t\t\t\t<\/a>\n\t\t\t\t<\/div>\n\t\t\t\t\t\t\t\t<\/div>\n\t\t\t\t<\/div>\n\t\t\t\t\t<\/div>\n\t\t\t\t<\/div>\n\t\t<div class=\"elementor-element elementor-element-0443de2 e-flex e-con-boxed e-con e-parent\" data-id=\"0443de2\" data-element_type=\"container\">\n\t\t\t\t\t<div class=\"e-con-inner\">\n\t\t\t\t<div class=\"elementor-element elementor-element-c8414ed elementor-align-center elementor-widget elementor-widget-button\" data-id=\"c8414ed\" data-element_type=\"widget\" data-widget_type=\"button.default\">\n\t\t\t\t<div class=\"elementor-widget-container\">\n\t\t\t\t\t\t\t\t\t<div class=\"elementor-button-wrapper\">\n\t\t\t\t\t<a class=\"elementor-button elementor-button-link elementor-size-sm\" href=\"https:\/\/mcarconstruction.com\/files\/oferta_standard_z_pomieszczeniem_socjalnym.pdf\">\n\t\t\t\t\t\t<span class=\"elementor-button-content-wrapper\">\n\t\t\t\t\t\t\t\t\t<span class=\"elementor-button-text\">Standardangebot mit Sozialraum<\/span>\n\t\t\t\t\t<\/span>\n\t\t\t\t\t<\/a>\n\t\t\t\t<\/div>\n\t\t\t\t\t\t\t\t<\/div>\n\t\t\t\t<\/div>\n\t\t\t\t\t<\/div>\n\t\t\t\t<\/div>\n\t\t<div class=\"elementor-element elementor-element-fda88f6 e-flex e-con-boxed e-con e-parent\" data-id=\"fda88f6\" data-element_type=\"container\">\n\t\t\t\t\t<div class=\"e-con-inner\">\n\t\t\t\t<div class=\"elementor-element elementor-element-99906a7 elementor-align-center elementor-widget elementor-widget-button\" data-id=\"99906a7\" data-element_type=\"widget\" data-widget_type=\"button.default\">\n\t\t\t\t<div class=\"elementor-widget-container\">\n\t\t\t\t\t\t\t\t\t<div class=\"elementor-button-wrapper\">\n\t\t\t\t\t<a class=\"elementor-button elementor-button-link elementor-size-sm\" href=\"https:\/\/mcarconstruction.com\/files\/oferta_wyposazenie_dodatkowe.pdf\">\n\t\t\t\t\t\t<span class=\"elementor-button-content-wrapper\">\n\t\t\t\t\t\t\t\t\t<span class=\"elementor-button-text\">Zusatzausstattung<\/span>\n\t\t\t\t\t<\/span>\n\t\t\t\t\t<\/a>\n\t\t\t\t<\/div>\n\t\t\t\t\t\t\t\t<\/div>\n\t\t\t\t<\/div>\n\t\t\t\t\t<\/div>\n\t\t\t\t<\/div>\n\t\t<div class=\"elementor-element elementor-element-0bc2002 e-flex e-con-boxed e-con e-parent\" data-id=\"0bc2002\" data-element_type=\"container\">\n\t\t\t\t\t<div class=\"e-con-inner\">\n\t\t\t\t<div class=\"elementor-element elementor-element-1a00a72 elementor-widget elementor-widget-g-gallery\" data-id=\"1a00a72\" data-element_type=\"widget\" data-widget_type=\"g-gallery.default\">\n\t\t\t\t<div class=\"elementor-widget-container\">\n\t\t\t\t\t<div id=\"69e1c6754f618\" class=\"gg_gallery_wrap gg_true_gallery gg_string_gallery gid_1660 gg_hidden_ol gg_ol_bottom_mode gg_main_ol_show_on_h \" data-row-h=\"350\" data-gid=\"1660\" data-nores-txt=\"No images found\">              <div class=\"gg_loader\">            <div class=\"ggl_1\"><\/div>            <div class=\"ggl_2\"><\/div>            <div class=\"ggl_3\"><\/div>            <div class=\"ggl_4\"><\/div>        <\/div>  <div class=\"gg_container\"><div class=\"gg_img \" data-gg-url=\"https:\/\/mcarconstruction.com\/wp-content\/uploads\/gg_watermarked\/c96b663e6f8c9bc13f4123b139d436bc_95_rm_40_10perc_1_chatgpt-image-28-lip-2025-10_09_44_10-10.png\" data-gg-title=\"\" data-gg-author=\"\" data-gg-descr=\"\" data-gg-tags=\"\" data-img-id=\"0\" data-gid=\"1660\">  <div class=\"gg_img_inner\" style=\"height: 350px;\">  <div class=\"gg_main_img_wrap\"><div class=\"gg_img_wrap_inner\"><img decoding=\"async\" src=\"\" data-gg-lazy-src=\"\/\/mcarconstruction.com\/wp-content\/uploads\/ewpt_cache\/0x350_90_1_c_FFFFFF_e4653ca4a6f6866cf87b713aa28f7511.png\" alt=\"\" class=\"gg_photo gg_main_thumb\" \/><noscript><img decoding=\"async\" src=\"https:\/\/mcarconstruction.com\/wp-content\/uploads\/gg_watermarked\/c96b663e6f8c9bc13f4123b139d436bc_95_rm_40_10perc_1_chatgpt-image-28-lip-2025-10_09_44_10-10.png\" alt=\"\" \/><\/noscript><\/div><\/div><div class=\"gg_overlays\"><\/div><\/div><\/div><div class=\"gg_img \" data-gg-url=\"https:\/\/mcarconstruction.com\/wp-content\/uploads\/gg_watermarked\/abd191424e8101988705d725074156c3_95_rm_40_10perc_1_chatgpt-image-28-lip-2025-10_05_09_10-10.png\" data-gg-title=\"\" data-gg-author=\"\" data-gg-descr=\"\" data-gg-tags=\"\" data-img-id=\"1\" data-gid=\"1660\">  <div class=\"gg_img_inner\" style=\"height: 350px;\">  <div class=\"gg_main_img_wrap\"><div class=\"gg_img_wrap_inner\"><img decoding=\"async\" src=\"\" data-gg-lazy-src=\"\/\/mcarconstruction.com\/wp-content\/uploads\/ewpt_cache\/0x350_90_1_c_FFFFFF_572639f1da78069e2749025235a64eb4.png\" alt=\"\" class=\"gg_photo gg_main_thumb\" \/><noscript><img decoding=\"async\" src=\"https:\/\/mcarconstruction.com\/wp-content\/uploads\/gg_watermarked\/abd191424e8101988705d725074156c3_95_rm_40_10perc_1_chatgpt-image-28-lip-2025-10_05_09_10-10.png\" alt=\"\" \/><\/noscript><\/div><\/div><div class=\"gg_overlays\"><\/div><\/div><\/div><div class=\"gg_img \" data-gg-url=\"https:\/\/mcarconstruction.com\/wp-content\/uploads\/gg_watermarked\/143e04a7f24fe025fb9b1b16bb84f6e2_95_rm_40_10perc_1_chatgpt-image-28-lip-2025-10_28_14_10-10.png\" data-gg-title=\"\" data-gg-author=\"\" data-gg-descr=\"\" data-gg-tags=\"\" data-img-id=\"2\" data-gid=\"1660\">  <div class=\"gg_img_inner\" style=\"height: 350px;\">  <div class=\"gg_main_img_wrap\"><div class=\"gg_img_wrap_inner\"><img decoding=\"async\" src=\"\" data-gg-lazy-src=\"\/\/mcarconstruction.com\/wp-content\/uploads\/ewpt_cache\/0x350_90_1_c_FFFFFF_daa84655112f8bb8e758b28d567f820d.png\" alt=\"\" class=\"gg_photo gg_main_thumb\" \/><noscript><img decoding=\"async\" src=\"https:\/\/mcarconstruction.com\/wp-content\/uploads\/gg_watermarked\/143e04a7f24fe025fb9b1b16bb84f6e2_95_rm_40_10perc_1_chatgpt-image-28-lip-2025-10_28_14_10-10.png\" alt=\"\" \/><\/noscript><\/div><\/div><div class=\"gg_overlays\"><\/div><\/div><\/div><div class=\"gg_img \" data-gg-url=\"https:\/\/mcarconstruction.com\/wp-content\/uploads\/gg_watermarked\/0d79e1b13a80de22860a76a1fb72bc25_95_rm_40_10perc_1_chatgpt-image-28-lip-2025-10_01_56_10-10.png\" data-gg-title=\"\" data-gg-author=\"\" data-gg-descr=\"\" data-gg-tags=\"\" data-img-id=\"3\" data-gid=\"1660\">  <div class=\"gg_img_inner\" style=\"height: 350px;\">  <div class=\"gg_main_img_wrap\"><div class=\"gg_img_wrap_inner\"><img decoding=\"async\" src=\"\" data-gg-lazy-src=\"\/\/mcarconstruction.com\/wp-content\/uploads\/ewpt_cache\/0x350_90_1_c_FFFFFF_0247b8dd9904ebf328d49a8512e372d3.png\" alt=\"\" class=\"gg_photo gg_main_thumb\" \/><noscript><img decoding=\"async\" src=\"https:\/\/mcarconstruction.com\/wp-content\/uploads\/gg_watermarked\/0d79e1b13a80de22860a76a1fb72bc25_95_rm_40_10perc_1_chatgpt-image-28-lip-2025-10_01_56_10-10.png\" alt=\"\" \/><\/noscript><\/div><\/div><div class=\"gg_overlays\"><\/div><\/div><\/div><div class=\"gg_img \" data-gg-url=\"https:\/\/mcarconstruction.com\/wp-content\/uploads\/gg_watermarked\/dc91444cb4557e0e0bb1fe0c43d3e454_95_rm_40_10perc_1_chatgpt-image-28-lip-2025-09_58_43_10-10.png\" data-gg-title=\"\" data-gg-author=\"\" data-gg-descr=\"\" data-gg-tags=\"\" data-img-id=\"4\" data-gid=\"1660\">  <div class=\"gg_img_inner\" style=\"height: 350px;\">  <div class=\"gg_main_img_wrap\"><div class=\"gg_img_wrap_inner\"><img decoding=\"async\" src=\"\" data-gg-lazy-src=\"\/\/mcarconstruction.com\/wp-content\/uploads\/ewpt_cache\/0x350_90_1_c_FFFFFF_c21fa3c0b3b07d61f531b1b1fd6e3d19.png\" alt=\"\" class=\"gg_photo gg_main_thumb\" \/><noscript><img decoding=\"async\" src=\"https:\/\/mcarconstruction.com\/wp-content\/uploads\/gg_watermarked\/dc91444cb4557e0e0bb1fe0c43d3e454_95_rm_40_10perc_1_chatgpt-image-28-lip-2025-09_58_43_10-10.png\" alt=\"\" \/><\/noscript><\/div><\/div><div class=\"gg_overlays\"><\/div><\/div><\/div><div class=\"gg_img \" data-gg-url=\"https:\/\/mcarconstruction.com\/wp-content\/uploads\/gg_watermarked\/33baf4b4f3c6e96dd25277dd7a59da8c_95_rm_40_10perc_1_chatgpt-image-28-lip-2025-09_55_39_10-10.png\" data-gg-title=\"\" data-gg-author=\"\" data-gg-descr=\"\" data-gg-tags=\"\" data-img-id=\"5\" data-gid=\"1660\">  <div class=\"gg_img_inner\" style=\"height: 350px;\">  <div class=\"gg_main_img_wrap\"><div class=\"gg_img_wrap_inner\"><img decoding=\"async\" src=\"\" data-gg-lazy-src=\"\/\/mcarconstruction.com\/wp-content\/uploads\/ewpt_cache\/0x350_90_1_c_FFFFFF_3ffaf31ff9f44d4b5e32bbd1600deb62.png\" alt=\"\" class=\"gg_photo gg_main_thumb\" \/><noscript><img decoding=\"async\" src=\"https:\/\/mcarconstruction.com\/wp-content\/uploads\/gg_watermarked\/33baf4b4f3c6e96dd25277dd7a59da8c_95_rm_40_10perc_1_chatgpt-image-28-lip-2025-09_55_39_10-10.png\" alt=\"\" \/><\/noscript><\/div><\/div><div class=\"gg_overlays\"><\/div><\/div><\/div><div class=\"gg_img \" data-gg-url=\"https:\/\/mcarconstruction.com\/wp-content\/uploads\/gg_watermarked\/46e036b58103acec26c77c64f6aa5604_95_rm_40_10perc_1_chatgpt-image-26-lip-2025-13_27_44_10-10.png\" data-gg-title=\"\" data-gg-author=\"\" data-gg-descr=\"\" data-gg-tags=\"\" data-img-id=\"6\" data-gid=\"1660\">  <div class=\"gg_img_inner\" style=\"height: 350px;\">  <div class=\"gg_main_img_wrap\"><div class=\"gg_img_wrap_inner\"><img decoding=\"async\" src=\"\" data-gg-lazy-src=\"\/\/mcarconstruction.com\/wp-content\/uploads\/ewpt_cache\/0x350_90_1_c_FFFFFF_f8f4d0a4209a00bf4eb8e2a0155519ce.png\" alt=\"\" class=\"gg_photo gg_main_thumb\" \/><noscript><img decoding=\"async\" src=\"https:\/\/mcarconstruction.com\/wp-content\/uploads\/gg_watermarked\/46e036b58103acec26c77c64f6aa5604_95_rm_40_10perc_1_chatgpt-image-26-lip-2025-13_27_44_10-10.png\" alt=\"\" \/><\/noscript><\/div><\/div><div class=\"gg_overlays\"><\/div><\/div><\/div><div class=\"gg_img \" data-gg-url=\"https:\/\/mcarconstruction.com\/wp-content\/uploads\/gg_watermarked\/8c1c390fa50d912855d15a720f522e9d_95_rm_40_10perc_1_chatgpt-image-26-lip-2025-13_24_25_10-10.png\" data-gg-title=\"\" data-gg-author=\"\" data-gg-descr=\"\" data-gg-tags=\"\" data-img-id=\"7\" data-gid=\"1660\">  <div class=\"gg_img_inner\" style=\"height: 350px;\">  <div class=\"gg_main_img_wrap\"><div class=\"gg_img_wrap_inner\"><img decoding=\"async\" src=\"\" data-gg-lazy-src=\"\/\/mcarconstruction.com\/wp-content\/uploads\/ewpt_cache\/0x350_90_1_c_FFFFFF_603d9440b176fa6febcec7bd2ce2f89d.png\" alt=\"\" class=\"gg_photo gg_main_thumb\" \/><noscript><img decoding=\"async\" src=\"https:\/\/mcarconstruction.com\/wp-content\/uploads\/gg_watermarked\/8c1c390fa50d912855d15a720f522e9d_95_rm_40_10perc_1_chatgpt-image-26-lip-2025-13_24_25_10-10.png\" alt=\"\" \/><\/noscript><\/div><\/div><div class=\"gg_overlays\"><\/div><\/div><\/div><div class=\"gg_img \" data-gg-url=\"https:\/\/mcarconstruction.com\/wp-content\/uploads\/gg_watermarked\/d6e29f541ea855caf3bacb2b9826b241_95_rm_40_10perc_1_chatgpt-image-26-lip-2025-13_19_11_10-10.png\" data-gg-title=\"\" data-gg-author=\"\" data-gg-descr=\"\" data-gg-tags=\"\" data-img-id=\"8\" data-gid=\"1660\">  <div class=\"gg_img_inner\" style=\"height: 350px;\">  <div class=\"gg_main_img_wrap\"><div class=\"gg_img_wrap_inner\"><img decoding=\"async\" src=\"\" data-gg-lazy-src=\"\/\/mcarconstruction.com\/wp-content\/uploads\/ewpt_cache\/0x350_90_1_c_FFFFFF_283df19e91ab0fd109186dbb5a3ea2fc.png\" alt=\"\" class=\"gg_photo gg_main_thumb\" \/><noscript><img decoding=\"async\" src=\"https:\/\/mcarconstruction.com\/wp-content\/uploads\/gg_watermarked\/d6e29f541ea855caf3bacb2b9826b241_95_rm_40_10perc_1_chatgpt-image-26-lip-2025-13_19_11_10-10.png\" alt=\"\" \/><\/noscript><\/div><\/div><div class=\"gg_overlays\"><\/div><\/div><\/div><div class=\"gg_img \" data-gg-url=\"https:\/\/mcarconstruction.com\/wp-content\/uploads\/gg_watermarked\/2227fac51482a34a4b2c0e0f3483cd37_95_rm_40_10perc_1_chatgpt-image-26-lip-2025-13_15_46_10-10.png\" data-gg-title=\"\" data-gg-author=\"\" data-gg-descr=\"\" data-gg-tags=\"\" data-img-id=\"9\" data-gid=\"1660\">  <div class=\"gg_img_inner\" style=\"height: 350px;\">  <div class=\"gg_main_img_wrap\"><div class=\"gg_img_wrap_inner\"><img decoding=\"async\" src=\"\" data-gg-lazy-src=\"\/\/mcarconstruction.com\/wp-content\/uploads\/ewpt_cache\/0x350_90_1_c_FFFFFF_3d620ce02bc0ae1e0bc52a88a56e7df2.png\" alt=\"\" class=\"gg_photo gg_main_thumb\" \/><noscript><img decoding=\"async\" src=\"https:\/\/mcarconstruction.com\/wp-content\/uploads\/gg_watermarked\/2227fac51482a34a4b2c0e0f3483cd37_95_rm_40_10perc_1_chatgpt-image-26-lip-2025-13_15_46_10-10.png\" alt=\"\" \/><\/noscript><\/div><\/div><div class=\"gg_overlays\"><\/div><\/div><\/div><div class=\"gg_img \" data-gg-url=\"https:\/\/mcarconstruction.com\/wp-content\/uploads\/gg_watermarked\/1e60499d813b0a9bb419fbd446201465_95_rm_40_10perc_1_chatgpt-image-26-lip-2025-13_12_30_10-10.png\" data-gg-title=\"\" data-gg-author=\"\" data-gg-descr=\"\" data-gg-tags=\"\" data-img-id=\"10\" data-gid=\"1660\">  <div class=\"gg_img_inner\" style=\"height: 350px;\">  <div class=\"gg_main_img_wrap\"><div class=\"gg_img_wrap_inner\"><img decoding=\"async\" src=\"\" data-gg-lazy-src=\"\/\/mcarconstruction.com\/wp-content\/uploads\/ewpt_cache\/0x350_90_1_c_FFFFFF_33569a104f4a5dcf449db21765adebdb.png\" alt=\"\" class=\"gg_photo gg_main_thumb\" \/><noscript><img decoding=\"async\" src=\"https:\/\/mcarconstruction.com\/wp-content\/uploads\/gg_watermarked\/1e60499d813b0a9bb419fbd446201465_95_rm_40_10perc_1_chatgpt-image-26-lip-2025-13_12_30_10-10.png\" alt=\"\" \/><\/noscript><\/div><\/div><div class=\"gg_overlays\"><\/div><\/div><\/div><div class=\"gg_img \" data-gg-url=\"https:\/\/mcarconstruction.com\/wp-content\/uploads\/gg_watermarked\/419552c532a6a347b65227a31db5871e_95_rm_40_10perc_1_chatgpt-image-26-lip-2025-13_09_46_10-10.png\" data-gg-title=\"\" data-gg-author=\"\" data-gg-descr=\"\" data-gg-tags=\"\" data-img-id=\"11\" data-gid=\"1660\">  <div class=\"gg_img_inner\" style=\"height: 350px;\">  <div class=\"gg_main_img_wrap\"><div class=\"gg_img_wrap_inner\"><img decoding=\"async\" src=\"\" data-gg-lazy-src=\"\/\/mcarconstruction.com\/wp-content\/uploads\/ewpt_cache\/0x350_90_1_c_FFFFFF_6099012936be5ea1cd1e6913b48b3916.png\" alt=\"\" class=\"gg_photo gg_main_thumb\" \/><noscript><img decoding=\"async\" src=\"https:\/\/mcarconstruction.com\/wp-content\/uploads\/gg_watermarked\/419552c532a6a347b65227a31db5871e_95_rm_40_10perc_1_chatgpt-image-26-lip-2025-13_09_46_10-10.png\" alt=\"\" \/><\/noscript><\/div><\/div><div class=\"gg_overlays\"><\/div><\/div><\/div><div class=\"gg_img \" data-gg-url=\"https:\/\/mcarconstruction.com\/wp-content\/uploads\/gg_watermarked\/a050e45e4390a2690e0c67ba66b06b3f_95_rm_40_10perc_1_chatgpt-image-26-lip-2025-12_32_52_10-10.png\" data-gg-title=\"\" data-gg-author=\"\" data-gg-descr=\"\" data-gg-tags=\"\" data-img-id=\"12\" data-gid=\"1660\">  <div class=\"gg_img_inner\" style=\"height: 350px;\">  <div class=\"gg_main_img_wrap\"><div class=\"gg_img_wrap_inner\"><img decoding=\"async\" src=\"\" data-gg-lazy-src=\"\/\/mcarconstruction.com\/wp-content\/uploads\/ewpt_cache\/0x350_90_1_c_FFFFFF_8eed9d0a103633dacf37abe9ac2534f7.png\" alt=\"\" class=\"gg_photo gg_main_thumb\" \/><noscript><img decoding=\"async\" src=\"https:\/\/mcarconstruction.com\/wp-content\/uploads\/gg_watermarked\/a050e45e4390a2690e0c67ba66b06b3f_95_rm_40_10perc_1_chatgpt-image-26-lip-2025-12_32_52_10-10.png\" alt=\"\" \/><\/noscript><\/div><\/div><div class=\"gg_overlays\"><\/div><\/div><\/div><div class=\"gg_img \" data-gg-url=\"https:\/\/mcarconstruction.com\/wp-content\/uploads\/gg_watermarked\/5ba0977ff1a15618ace4fa7fef9d3514_95_rm_40_10perc_1_chatgpt-image-26-lip-2025-12_31_55_10-10.png\" data-gg-title=\"\" data-gg-author=\"\" data-gg-descr=\"\" data-gg-tags=\"\" data-img-id=\"13\" data-gid=\"1660\">  <div class=\"gg_img_inner\" style=\"height: 350px;\">  <div class=\"gg_main_img_wrap\"><div class=\"gg_img_wrap_inner\"><img decoding=\"async\" src=\"\" data-gg-lazy-src=\"\/\/mcarconstruction.com\/wp-content\/uploads\/ewpt_cache\/0x350_90_1_c_FFFFFF_5ec76d9150b6f2b756b94982f611a6a1.png\" alt=\"\" class=\"gg_photo gg_main_thumb\" \/><noscript><img decoding=\"async\" src=\"https:\/\/mcarconstruction.com\/wp-content\/uploads\/gg_watermarked\/5ba0977ff1a15618ace4fa7fef9d3514_95_rm_40_10perc_1_chatgpt-image-26-lip-2025-12_31_55_10-10.png\" alt=\"\" \/><\/noscript><\/div><\/div><div class=\"gg_overlays\"><\/div><\/div><\/div><div class=\"gg_string_clear_both\" style=\"clear: both;\"><\/div><\/div><div style=\"clear: both;\"><\/div><\/div><script type=\"text\/javascript\">     (function() {         \"use strict\";              const intval = setInterval(() => {            if(typeof(jQuery) == \"undefined\" || typeof(gg_galleries_init) == \"undefined\") {                return true;            }            else {                clearTimeout(intval);                            const $ = jQuery;                gg_galleries_init(\"69e1c6754f618\");            }        }, 50);    })();<\/script>\t\t\t\t<\/div>\n\t\t\t\t<\/div>\n\t\t\t\t\t<\/div>\n\t\t\t\t<\/div>\n\t\t\t\t<\/div>\n\t\t","protected":false},"excerpt":{"rendered":"<p>MCCTRAX Start \/ MCCTRAX Dieses neue Modell in unserem Angebot wird derzeit in Eigenregie gefertigt. Das Au\u00dfendesign wurde von Witold Bieniek, Inhaber von TRAX, entworfen. Die Designl\u00f6sungen und verwendeten Materialien basieren auf unserer langj\u00e4hrigen Erfahrung und der bew\u00e4hrten Technologie unserer anderen Modelle. Die Fotos zeigen Fahrzeuge, die derzeit in Polen zum Verkauf stehen. Geb\u00e4udespezifikationen: Standardangebot [&hellip;]<\/p>\n","protected":false},"author":1,"featured_media":0,"parent":0,"menu_order":0,"comment_status":"closed","ping_status":"closed","template":"elementor_header_footer","meta":{"_monsterinsights_skip_tracking":false,"_monsterinsights_sitenote_active":false,"_monsterinsights_sitenote_note":"","_monsterinsights_sitenote_category":0,"footnotes":""},"class_list":["post-2037","page","type-page","status-publish","hentry"],"aioseo_notices":[],"_links":{"self":[{"href":"https:\/\/mcarconstruction.com\/de\/index.php\/wp-json\/wp\/v2\/pages\/2037","targetHints":{"allow":["GET"]}}],"collection":[{"href":"https:\/\/mcarconstruction.com\/de\/index.php\/wp-json\/wp\/v2\/pages"}],"about":[{"href":"https:\/\/mcarconstruction.com\/de\/index.php\/wp-json\/wp\/v2\/types\/page"}],"author":[{"embeddable":true,"href":"https:\/\/mcarconstruction.com\/de\/index.php\/wp-json\/wp\/v2\/users\/1"}],"replies":[{"embeddable":true,"href":"https:\/\/mcarconstruction.com\/de\/index.php\/wp-json\/wp\/v2\/comments?post=2037"}],"version-history":[{"count":7,"href":"https:\/\/mcarconstruction.com\/de\/index.php\/wp-json\/wp\/v2\/pages\/2037\/revisions"}],"predecessor-version":[{"id":2648,"href":"https:\/\/mcarconstruction.com\/de\/index.php\/wp-json\/wp\/v2\/pages\/2037\/revisions\/2648"}],"wp:attachment":[{"href":"https:\/\/mcarconstruction.com\/de\/index.php\/wp-json\/wp\/v2\/media?parent=2037"}],"curies":[{"name":"wp","href":"https:\/\/api.w.org\/{rel}","templated":true}]}}