{"id":2121,"date":"2025-07-31T22:26:26","date_gmt":"2025-07-31T20:26:26","guid":{"rendered":"https:\/\/mcarconstruction.com\/?page_id=2121"},"modified":"2025-07-31T22:36:10","modified_gmt":"2025-07-31T20:36:10","slug":"uber-uns","status":"publish","type":"page","link":"https:\/\/mcarconstruction.com\/de\/index.php\/uber-uns\/","title":{"rendered":"\u00dcber uns"},"content":{"rendered":"\t\t<div data-elementor-type=\"wp-page\" data-elementor-id=\"2121\" class=\"elementor elementor-2121\" data-elementor-post-type=\"page\">\n\t\t\t\t<div class=\"elementor-element elementor-element-bf2337d e-flex e-con-boxed e-con e-parent\" data-id=\"bf2337d\" data-element_type=\"container\" data-settings=\"{&quot;background_background&quot;:&quot;classic&quot;}\">\n\t\t\t\t\t<div class=\"e-con-inner\">\n\t\t\t\t<div class=\"elementor-element elementor-element-8b376ad elementor-widget elementor-widget-heading\" data-id=\"8b376ad\" data-element_type=\"widget\" data-widget_type=\"heading.default\">\n\t\t\t\t<div class=\"elementor-widget-container\">\n\t\t\t\t\t<h2 class=\"elementor-heading-title elementor-size-default\">\u00dcBER UNS<\/h2>\t\t\t\t<\/div>\n\t\t\t\t<\/div>\n\t\t\t\t<div class=\"elementor-element elementor-element-dc4b59d elementor-widget elementor-widget-text-editor\" data-id=\"dc4b59d\" data-element_type=\"widget\" data-widget_type=\"text-editor.default\">\n\t\t\t\t<div class=\"elementor-widget-container\">\n\t\t\t\t\t\t\t\t\t<p><a href=\"https:\/\/mcarconstruction.com\/\">Start<\/a> \/ <a href=\"https:\/\/mcarconstruction.com\/index.php\/about\/\">\u00dcber uns<\/a><\/p>\t\t\t\t\t\t\t\t<\/div>\n\t\t\t\t<\/div>\n\t\t\t\t\t<\/div>\n\t\t\t\t<\/div>\n\t\t<div class=\"elementor-element elementor-element-a4ff75d e-flex e-con-boxed e-con e-parent\" data-id=\"a4ff75d\" data-element_type=\"container\">\n\t\t\t\t\t<div class=\"e-con-inner\">\n\t\t\t\t<div class=\"elementor-element elementor-element-2219382 elementor-widget-divider--view-line elementor-widget elementor-widget-divider\" data-id=\"2219382\" data-element_type=\"widget\" data-widget_type=\"divider.default\">\n\t\t\t\t<div class=\"elementor-widget-container\">\n\t\t\t\t\t\t\t<div class=\"elementor-divider\">\n\t\t\t<span class=\"elementor-divider-separator\">\n\t\t\t\t\t\t<\/span>\n\t\t<\/div>\n\t\t\t\t\t\t<\/div>\n\t\t\t\t<\/div>\n\t\t\t\t<div class=\"elementor-element elementor-element-740e95e elementor-widget elementor-widget-text-editor\" data-id=\"740e95e\" data-element_type=\"widget\" data-widget_type=\"text-editor.default\">\n\t\t\t\t<div class=\"elementor-widget-container\">\n\t\t\t\t\t\t\t\t\t<p style=\"text-align: center;\">Wir besitzen die Rechte an den unten aufgef\u00fchrten Industriedesigns.<\/p><p>\u00a0<\/p><p><a href=\"https:\/\/ewyszukiwarka.pue.uprp.gov.pl\/search\/pwp-details\/Wp.32988&lt;\" target=\"_blank\" rel=\"noopener\">https:\/\/ewyszukiwarka.pue.uprp.gov.pl\/search\/pwp-details\/Wp.32988<\/a><\/p><p><a href=\"https:\/\/ewyszukiwarka.pue.uprp.gov.pl\/search\/pwp-details\/Wp.32980\" target=\"_blank\" rel=\"noopener\">https:\/\/ewyszukiwarka.pue.uprp.gov.pl\/search\/pwp-details\/Wp.32980<\/a><\/p><p><a href=\"https:\/\/ewyszukiwarka.pue.uprp.gov.pl\/search\/pwp-details\/Wp.32982\" target=\"_blank\" rel=\"noopener\">https:\/\/ewyszukiwarka.pue.uprp.gov.pl\/search\/pwp-details\/Wp.32982<\/a><\/p><p><a href=\"https:\/\/ewyszukiwarka.pue.uprp.gov.pl\/search\/pwp-details\/Wp.32985\" target=\"_blank\" rel=\"noopener\">https:\/\/ewyszukiwarka.pue.uprp.gov.pl\/search\/pwp-details\/Wp.32985<\/a><\/p><p><a href=\"https:\/\/ewyszukiwarka.pue.uprp.gov.pl\/search\/pwp-details\/Wp.32986\" target=\"_blank\" rel=\"noopener\">https:\/\/ewyszukiwarka.pue.uprp.gov.pl\/search\/pwp-details\/Wp.32986<\/a><\/p><p><a href=\"https:\/\/ewyszukiwarka.pue.uprp.gov.pl\/search\/pwp-details\/Wp.32981\" target=\"_blank\" rel=\"noopener\">https:\/\/ewyszukiwarka.pue.uprp.gov.pl\/search\/pwp-details\/Wp.32981<\/a><\/p><p><a href=\"https:\/\/ewyszukiwarka.pue.uprp.gov.pl\/search\/pwp-details\/Wp.32987\" target=\"_blank\" rel=\"noopener\">https:\/\/ewyszukiwarka.pue.uprp.gov.pl\/search\/pwp-details\/Wp.32987<\/a><\/p><p><a href=\"https:\/\/ewyszukiwarka.pue.uprp.gov.pl\/search\/pwp-details\/Wp.32989\" target=\"_blank\" rel=\"noopener\">https:\/\/ewyszukiwarka.pue.uprp.gov.pl\/search\/pwp-details\/Wp.32989<\/a><\/p><p><a href=\"https:\/\/ewyszukiwarka.pue.uprp.gov.pl\/search\/pwp-details\/Wp.32611\" target=\"_blank\" rel=\"noopener\">https:\/\/ewyszukiwarka.pue.uprp.gov.pl\/search\/pwp-details\/Wp.32611<\/a><\/p><p><a href=\"https:\/\/ewyszukiwarka.pue.uprp.gov.pl\/search\/pwp-details\/Wp.32674\" target=\"_blank\" rel=\"noopener\">https:\/\/ewyszukiwarka.pue.uprp.gov.pl\/search\/pwp-details\/Wp.32674<\/a><\/p><p><a href=\"https:\/\/ewyszukiwarka.pue.uprp.gov.pl\/search\/pwp-details\/Wp.32612\" target=\"_blank\" rel=\"noopener\">https:\/\/ewyszukiwarka.pue.uprp.gov.pl\/search\/pwp-details\/Wp.32612<\/a><\/p><p><a href=\"https:\/\/ewyszukiwarka.pue.uprp.gov.pl\/search\/pwp-details\/Wp.33029\" target=\"_blank\" rel=\"noopener\">https:\/\/ewyszukiwarka.pue.uprp.gov.pl\/search\/pwp-details\/Wp.33029<\/a><\/p><p><a href=\"https:\/\/ewyszukiwarka.pue.uprp.gov.pl\/search\/pwp-details\/Wp.33030\" target=\"_blank\" rel=\"noopener\">https:\/\/ewyszukiwarka.pue.uprp.gov.pl\/search\/pwp-details\/Wp.33030<\/a><\/p><p><a href=\"https:\/\/ewyszukiwarka.pue.uprp.gov.pl\/search\/pwp-details\/Wp.33009\" target=\"_blank\" rel=\"noopener\">https:\/\/ewyszukiwarka.pue.uprp.gov.pl\/search\/pwp-details\/Wp.33009<\/a><\/p><p><a href=\"https:\/\/ewyszukiwarka.pue.uprp.gov.pl\/search\/pwp-details\/Wp.33031\" target=\"_blank\" rel=\"noopener\">https:\/\/ewyszukiwarka.pue.uprp.gov.pl\/search\/pwp-details\/Wp.33031<\/a><\/p><p><a href=\"https:\/\/ewyszukiwarka.pue.uprp.gov.pl\/search\/pwp-details\/Wp.33032\" target=\"_blank\" rel=\"noopener\">https:\/\/ewyszukiwarka.pue.uprp.gov.pl\/search\/pwp-details\/Wp.33032<\/a><\/p><p>\u00a0<\/p><p style=\"text-align: center;\">Wir platzieren unser Logo als Marke auf unseren Produkten, welches auch beim Patentamt eingetragen ist.<\/p><p>\u00a0<\/p><p><a href=\"https:\/\/ewyszukiwarka.pue.uprp.gov.pl\/search\/pwp-details\/Z.5692992\" target=\"_blank\" rel=\"noopener\">https:\/\/ewyszukiwarka.pue.uprp.gov.pl\/search\/pwp-details\/Z.5692992<\/a><\/p>\t\t\t\t\t\t\t\t<\/div>\n\t\t\t\t<\/div>\n\t\t\t\t\t<\/div>\n\t\t\t\t<\/div>\n\t\t<div class=\"elementor-element elementor-element-850813d e-flex e-con-boxed e-con e-parent\" data-id=\"850813d\" data-element_type=\"container\">\n\t\t\t\t\t<div class=\"e-con-inner\">\n\t\t\t\t<div class=\"elementor-element elementor-element-aa7ae06 elementor-widget elementor-widget-widget-tab\" data-id=\"aa7ae06\" data-element_type=\"widget\" data-widget_type=\"widget-tab.default\">\n\t\t\t\t<div class=\"elementor-widget-container\">\n\t\t\t\t\t<div class=\"ak-height-125 ak-height-lg-80\"><\/div>\r\n        <div class=\"container \">\r\n            <div class=\"company-tab\">\r\n                <ul class=\"tabs\">                <li class=\"active-tab\">Mission<\/li>                <li>Vision<\/li>                <li>Geschichte<\/li>             <\/ul>\r\n\r\n                <div class=\"tabs-content\"><div class=\"list\">\r\n            <div class=\"ak-section-heading ak-style-1 ak-type-1\">\r\n                <div class=\"background-text\">Mission<\/div>\r\n                <h3 class=\"desp\"> Wir m\u00f6chten die Herausforderungen und Bed\u00fcrfnisse unserer Kunden bestm\u00f6glich erf\u00fcllen, auch die anspruchsvollsten. <\/h3>\r\n            <\/div>\r\n        <\/div><div class=\"list\">\r\n            <div class=\"ak-section-heading ak-style-1 ak-type-1\">\r\n                <div class=\"background-text\">Vision<\/div>\r\n                <h3 class=\"desp\"> Wir sind davon \u00fcberzeugt, dass wir durch die Bereitstellung innovativer L\u00f6sungen, ein modernes Erscheinungsbild des Geb\u00e4udes und eine individuelle Herangehensweise an jeden Auftrag die hundertprozentige Zufriedenheit unserer Kunden erreichen werden. <\/h3>\r\n            <\/div>\r\n        <\/div><div class=\"list\">\r\n            <div class=\"ak-section-heading ak-style-1 ak-type-1\">\r\n                <div class=\"background-text\">Geschichte<\/div>\r\n                <h3 class=\"desp\"> Unser Unternehmen firmiert seit 2015 unter dem Namen MCar Construction, wir fertigen jedoch bereits seit \u00fcber 20 Jahren Karosserien. <\/h3>\r\n            <\/div>\r\n        <\/div><\/div>\r\n                <\/div>\r\n            <\/div>\t\t\t\t<\/div>\n\t\t\t\t<\/div>\n\t\t\t\t<div class=\"elementor-element elementor-element-4e92fec elementor-widget elementor-widget-widget-wcu\" data-id=\"4e92fec\" data-element_type=\"widget\" data-widget_type=\"widget-wcu.default\">\n\t\t\t\t<div class=\"elementor-widget-container\">\n\t\t\t\t\t<div class=\"ak-height-125 ak-height-lg-80\"><\/div>\r\n\t<section class=\"container \">\r\n\t\t<h2 class=\"disp\">Section Heading<\/h2>\r\n\t\t<div class=\"choose-us-container-extents\">\r\n\t\t\t<div class=\"choose-us-contain\">\r\n\t\t\t\t<div class=\"choose-us-info\" data-aos=\"fade-up\">\r\n\t\t\t\t\t<div class=\"ak-section-heading ak-style-1\">\r\n\t\t\t\t\t\t<div class=\"background-text\">Erfahrung<\/div>\r\n\t\t\t\t\t\t<h2 class=\"ak-section-title\">Warum Uns W\u00e4hlen<\/h2>\r\n\t\t\t\t\t\t<p class=\"ak-section-subtitle\">Wir verf\u00fcgen \u00fcber langj\u00e4hrige Erfahrung in der Herstellung von Pferdewagenkarosserien. Dank unserer Erfahrung haben wir Mechanismen entwickelt, die bei dieser Art von Karosserien perfekt funktionieren. Unsere Kunden k\u00f6nnen daher beruhigt schlafen, da ihre Bestellung genau ihren Erwartungen entspricht.<\/p>\r\n\t\t\t\t\t<\/div>\r\n\t\t\t\t\t<div class=\"ak-height-60 ak-height-lg-30\"><\/div>\r\n\t\t\t\t\t<div class=\"stroke-heading-text\"><h3 class=\"ak-stroke-text hover-color-changes\">Qualifizierte Techniker<\/h3><h3 class=\"ak-stroke-text hover-color-changes\">Bew\u00e4hrte Konstruktionsmechanismen<\/h3><h3 class=\"ak-stroke-text hover-color-changes\">Viele zufriedene Kunden<\/h3><h3 class=\"ak-stroke-text hover-color-changes\">Garantie auf alle Karosseriearbeiten<\/h3><\/div>\r\n\t\t\t\t\t<div class=\"ak-height-60 ak-height-lg-30\"><\/div>\r\n\t\t\t\t\t<a href=\"https:\/\/mcarconstruction.com\/index.php\/contact\/\" class=\"common-btn\">\r\n\t\t\t\t\tKontaktieren Sie uns\r\n\t\t\t\t\t<\/a>\r\n\t\t\t\t<\/div>\r\n\t\t\t\t<div class=\"choose-us-img\" data-aos=\"fade-up\" data-aos-delay=\"150\">\r\n\t\t\t\t\t<img decoding=\"async\" src=\"https:\/\/mcarconstruction.com\/wp-content\/uploads\/2025\/06\/choose-us2.png\" alt=\"MCar Construction\">\r\n\t\t\t\t\t<img decoding=\"async\" class=\"circle-img\" src=\"https:\/\/mcarconstruction.com\/wp-content\/uploads\/2025\/07\/circle.png\" alt=\"MCar Construction\">\r\n\t\t\t\t<\/div>\r\n\t\t\t<\/div>\r\n\t\t<\/div>\r\n\t<\/section>\t\t\t\t<\/div>\n\t\t\t\t<\/div>\n\t\t\t\t\t<\/div>\n\t\t\t\t<\/div>\n\t\t\t\t<section class=\"elementor-section elementor-top-section elementor-element elementor-element-dfe2c23 elementor-section-full_width elementor-section-stretched elementor-section-height-default elementor-section-height-default\" data-id=\"dfe2c23\" data-element_type=\"section\" data-settings=\"{&quot;stretch_section&quot;:&quot;section-stretched&quot;}\">\n\t\t\t\t\t\t<div class=\"elementor-container elementor-column-gap-no\">\n\t\t\t\t\t<div class=\"elementor-column elementor-col-100 elementor-top-column elementor-element elementor-element-5c36961\" data-id=\"5c36961\" data-element_type=\"column\">\n\t\t\t<div class=\"elementor-widget-wrap elementor-element-populated\">\n\t\t\t\t\t\t<div class=\"elementor-element elementor-element-3c77517 elementor-widget elementor-widget-widget-funfact\" data-id=\"3c77517\" data-element_type=\"widget\" data-widget_type=\"widget-funfact.default\">\n\t\t\t\t<div class=\"elementor-widget-container\">\n\t\t\t\t\t<div class=\"ak-height-125 ak-height-lg-80\"><\/div>\r\n        <div class=\"ak-primary-bg \">\r\n            <div class=\"ak-height-65 ak-height-lg-50\"><\/div>\r\n            <div class=\"container\">\r\n                <div class=\"row align-items-center gap-lg-0\"><div class=\"col-lg-4\">\r\n            <div class=\"ak-funfact ak-style1\" data-aos=\"fade-up\">\r\n                <div class=\"ak-funfact-number color-1\">\r\n                    <div>\r\n                        <span class=\"ak-stroke-number color-white\">100<\/span>\r\n                    <\/div>\r\n                    <div><span class=\"ak-stroke-number color-white\">+<\/span><\/div>\r\n                <\/div>\r\n                <div class=\"ak-funfact-text\">\r\n                    <p>ZUFRIEDENE KUNDEN<\/p>\r\n                <\/div>\r\n            <\/div>\r\n        <\/div><div class=\"col-lg-4\">\r\n            <div class=\"ak-funfact ak-style1\" data-aos=\"fade-up\">\r\n                <div class=\"ak-funfact-number color-1\">\r\n                    <div>\r\n                        <span class=\"ak-stroke-number color-white\">20<\/span>\r\n                    <\/div>\r\n                    <div><span class=\"ak-stroke-number color-white\">+<\/span><\/div>\r\n                <\/div>\r\n                <div class=\"ak-funfact-text\">\r\n                    <p>DIENSTJAHRE<\/p>\r\n                <\/div>\r\n            <\/div>\r\n        <\/div><div class=\"col-lg-4\">\r\n            <div class=\"ak-funfact ak-style1\" data-aos=\"fade-up\">\r\n                <div class=\"ak-funfact-number color-1\">\r\n                    <div>\r\n                        <span class=\"ak-stroke-number color-white\">200<\/span>\r\n                    <\/div>\r\n                    <div><span class=\"ak-stroke-number color-white\">+<\/span><\/div>\r\n                <\/div>\r\n                <div class=\"ak-funfact-text\">\r\n                    <p>Projekt abgeschlossen<\/p>\r\n                <\/div>\r\n            <\/div>\r\n        <\/div>\t    <\/div>\r\n            <\/div>\r\n            <div class=\"ak-height-65 ak-height-lg-50\"><\/div>\r\n        <\/div>\t\t\t\t<\/div>\n\t\t\t\t<\/div>\n\t\t\t\t\t<\/div>\n\t\t<\/div>\n\t\t\t\t\t<\/div>\n\t\t<\/section>\n\t\t\t\t<section class=\"elementor-section elementor-top-section elementor-element elementor-element-d425f35 elementor-section-full_width elementor-section-stretched elementor-section-height-default elementor-section-height-default\" data-id=\"d425f35\" data-element_type=\"section\" data-settings=\"{&quot;stretch_section&quot;:&quot;section-stretched&quot;}\">\n\t\t\t\t\t\t<div class=\"elementor-container elementor-column-gap-no\">\n\t\t\t\t\t<div class=\"elementor-column elementor-col-100 elementor-top-column elementor-element elementor-element-1015abe\" data-id=\"1015abe\" data-element_type=\"column\">\n\t\t\t<div class=\"elementor-widget-wrap elementor-element-populated\">\n\t\t\t\t\t\t<div class=\"elementor-element elementor-element-32c2072 elementor-widget elementor-widget-widget-testimonials\" data-id=\"32c2072\" data-element_type=\"widget\" data-widget_type=\"widget-testimonials.default\">\n\t\t\t\t<div class=\"elementor-widget-container\">\n\t\t\t\t\t<div class=\"ak-height-125 ak-height-lg-80\"><\/div>\r\n\t\t<div class=\"container\">\r\n\t\t\t<div class=\"ak-testimonal-controll\">\r\n\t\t\t\t<div class=\"testimonal-heading\" data-aos=\"fade-right\">\r\n\t\t\t\t\t<div class=\"ak-section-heading ak-style-1\">\r\n\t\t\t\t\t\t<div class=\"background-text\" data-aos=\"fade-right\" data-aos-duration=\"1000\">Referenzen<\/div>\r\n\t\t\t\t\t\t<h2 class=\"ak-section-title\">SEHEN SIE, WAS UNSERE ZUFRIEDENEN<br \/>KUNDEN SAGEN<\/h2>\r\n\t\t\t\t\t<\/div>\r\n\t\t\t\t<\/div>\r\n\t\t\t\t<div class=\"testimonal-controll\" data-aos=\"fade-left\">\r\n\t\t\t\t\t<button class=\"testimonal-prev button\">\r\n\t\t\t\t\t\t<img decoding=\"async\" src=\"https:\/\/mcarconstruction.com\/wp-content\/themes\/cras\/images\/prev.svg\" alt=\"MCar Construction\"><span> PREV<\/span>\r\n\t\t\t\t\t<\/button>\r\n\t\t\t\t\t<button class=\"testimonal-next button\">\r\n\t\t\t\t\t\t<span>NEXT<\/span> <img decoding=\"async\" src=\"https:\/\/mcarconstruction.com\/wp-content\/themes\/cras\/images\/next.svg\" alt=\"MCar Construction\">\r\n\t\t\t\t\t<\/button>\r\n\t\t\t\t<\/div>\r\n\t\t\t<\/div>\r\n\t\t\t<div class=\"ak-height-50 ak-height-lg-50\"><\/div>\r\n\t\t\t<div class=\"ak-testimonal\" data-aos=\"fade-up\">\r\n\t\t\t\t<div class=\"ak-slider ak-slider-testimonal\">\r\n\t\t\t\t\t<div class=\"swiper-wrapper\"><div class=\"swiper-slide\">\r\n\t\t\t<div class=\"testimonal-info ak-style1\">\r\n\t\t\t\t<div class=\"slider-info\">\r\n\t\t\t\t\t<div class=\"d-flex justify-content-between align-items-end\">\r\n\t\t\t\t\t\t<div>\r\n\t\t\t\t\t\t\t<h5 class=\"name\">Francois Gean<\/h5>\r\n\t\t\t\t\t\t\t<p class=\"from\">Aus Belgien<\/p>\r\n\t\t\t\t\t\t<\/div>\r\n\t\t\t\t\t\t<div class=\"icon\">\r\n\t\t\t\t\t\t\t<svg xmlns=\"http:\/\/www.w3.org\/2000\/svg\" width=\"109\" height=\"81\"\r\n\t\t\t\t\t\t\t\tviewBox=\"0 0 109 81\" fill=\"none\">\r\n\t\t\t\t\t\t\t\t<g opacity=\"0.7\" clip-path=\"url(#clip0_219_726)\">\r\n\t\t\t\t\t\t\t\t\t<path\r\n\t\t\t\t\t\t\t\t\t\td=\"M24.8606 80.2504C27.2135 76.6896 47.9194 44.6582 51.3233 31.1053C53.5194 22.3053 51.8096 15.5445 45.739 9.14449C36.0449 -1.09865 19.8567 -1.11431 11.0096 6.43079C1.59785 14.4622 -1.14726 29.8504 5.45666 39.2622C10.539 46.4935 15.2292 48.219 25.1586 51.4503C25.4253 56.5797 24.9861 77.0975 24.8606 80.2504Z\"\r\n\t\t\t\t\t\t\t\t\t\tfill=\"#FF3D24\" \/>\r\n\t\t\t\t\t\t\t\t\t<path\r\n\t\t\t\t\t\t\t\t\t\td=\"M81.2214 80.2504C83.5743 76.6896 104.28 44.6582 107.668 31.1053C109.88 22.3053 108.155 15.5445 102.084 9.14449C92.4057 -1.09865 76.2175 -1.11431 67.3704 6.43079C57.9586 14.4622 55.1978 29.8504 61.8174 39.2622C66.8841 46.4935 71.5743 48.219 81.5194 51.4503C81.7861 56.5797 81.3312 77.0975 81.2214 80.2504Z\"\r\n\t\t\t\t\t\t\t\t\t\tfill=\"#FF3D24\" \/>\r\n\t\t\t\t\t\t\t\t<\/g>\r\n\t\t\t\t\t\t\t\t<defs>\r\n\t\t\t\t\t\t\t\t\t<clipPath>\r\n\t\t\t\t\t\t\t\t\t\t<rect width=\"108.235\" height=\"80\" fill=\"white\"\r\n\t\t\t\t\t\t\t\t\t\t\ttransform=\"translate(0.671997 0.966797)\" \/>\r\n\t\t\t\t\t\t\t\t\t<\/clipPath>\r\n\t\t\t\t\t\t\t\t<\/defs>\r\n\t\t\t\t\t\t\t<\/svg>\r\n\t\t\t\t\t\t<\/div>\r\n\t\t\t\t\t<\/div>\r\n\t\t\t\t\t<h4 class=\"desp\">\u201cIch wusste nicht, wo ich anfangen sollte. MCAR Construction hat mich umfassend beraten und ihre Vision pr\u00e4sentiert. Man merkt sofort, dass sie Erfahrung mit dieser Art von Auftr\u00e4gen haben.\u201d<\/h4>\r\n\t\t\t\t<\/div>\r\n\t\t\t\t<img decoding=\"async\" src=\"https:\/\/3jon.com\/demo\/nwp\/item\/cras\/wp-content\/uploads\/2024\/04\/testimaonial.png\" alt=\"MCar Construction\">\r\n\t\t\t<\/div>\r\n\t\t<\/div><div class=\"swiper-slide\">\r\n\t\t\t<div class=\"testimonal-info ak-style1\">\r\n\t\t\t\t<div class=\"slider-info\">\r\n\t\t\t\t\t<div class=\"d-flex justify-content-between align-items-end\">\r\n\t\t\t\t\t\t<div>\r\n\t\t\t\t\t\t\t<h5 class=\"name\">Robert Klatzky<\/h5>\r\n\t\t\t\t\t\t\t<p class=\"from\">Aus Deutschland<\/p>\r\n\t\t\t\t\t\t<\/div>\r\n\t\t\t\t\t\t<div class=\"icon\">\r\n\t\t\t\t\t\t\t<svg xmlns=\"http:\/\/www.w3.org\/2000\/svg\" width=\"109\" height=\"81\"\r\n\t\t\t\t\t\t\t\tviewBox=\"0 0 109 81\" fill=\"none\">\r\n\t\t\t\t\t\t\t\t<g opacity=\"0.7\" clip-path=\"url(#clip0_219_726)\">\r\n\t\t\t\t\t\t\t\t\t<path\r\n\t\t\t\t\t\t\t\t\t\td=\"M24.8606 80.2504C27.2135 76.6896 47.9194 44.6582 51.3233 31.1053C53.5194 22.3053 51.8096 15.5445 45.739 9.14449C36.0449 -1.09865 19.8567 -1.11431 11.0096 6.43079C1.59785 14.4622 -1.14726 29.8504 5.45666 39.2622C10.539 46.4935 15.2292 48.219 25.1586 51.4503C25.4253 56.5797 24.9861 77.0975 24.8606 80.2504Z\"\r\n\t\t\t\t\t\t\t\t\t\tfill=\"#FF3D24\" \/>\r\n\t\t\t\t\t\t\t\t\t<path\r\n\t\t\t\t\t\t\t\t\t\td=\"M81.2214 80.2504C83.5743 76.6896 104.28 44.6582 107.668 31.1053C109.88 22.3053 108.155 15.5445 102.084 9.14449C92.4057 -1.09865 76.2175 -1.11431 67.3704 6.43079C57.9586 14.4622 55.1978 29.8504 61.8174 39.2622C66.8841 46.4935 71.5743 48.219 81.5194 51.4503C81.7861 56.5797 81.3312 77.0975 81.2214 80.2504Z\"\r\n\t\t\t\t\t\t\t\t\t\tfill=\"#FF3D24\" \/>\r\n\t\t\t\t\t\t\t\t<\/g>\r\n\t\t\t\t\t\t\t\t<defs>\r\n\t\t\t\t\t\t\t\t\t<clipPath>\r\n\t\t\t\t\t\t\t\t\t\t<rect width=\"108.235\" height=\"80\" fill=\"white\"\r\n\t\t\t\t\t\t\t\t\t\t\ttransform=\"translate(0.671997 0.966797)\" \/>\r\n\t\t\t\t\t\t\t\t\t<\/clipPath>\r\n\t\t\t\t\t\t\t\t<\/defs>\r\n\t\t\t\t\t\t\t<\/svg>\r\n\t\t\t\t\t\t<\/div>\r\n\t\t\t\t\t<\/div>\r\n\t\t\t\t\t<h4 class=\"desp\">\u201cMeine Bestellung wurde genau so ausgef\u00fchrt, wie ich es mir vorgestellt hatte. Wundersch\u00f6ne Verarbeitung, mit Liebe zum Detail, von der ich getr\u00e4umt hatte. Au\u00dferdem holte das Unternehmen mein Auto ab und lieferte es zu mir nach Hause\u201d<\/h4>\r\n\t\t\t\t<\/div>\r\n\t\t\t\t<img decoding=\"async\" src=\"https:\/\/3jon.com\/demo\/nwp\/item\/cras\/wp-content\/uploads\/2024\/04\/testmaonail_1.png\" alt=\"MCar Construction\">\r\n\t\t\t<\/div>\r\n\t\t<\/div>\t\t\t<\/div>\r\n\t\t\t\t<\/div>\r\n\t\t\t\t<div class=\"testimonal-img\">\r\n\t\t\t\t\t<img decoding=\"async\" src=\"https:\/\/3jon.com\/demo\/nwp\/item\/cras\/wp-content\/uploads\/2024\/04\/testimaonial-img-bg.png\" alt=\"MCar Construction\" \/>\r\n\t\t\t\t<\/div>\r\n\t\t\t<\/div>\r\n\t\t<\/div>\t\t\t\t<\/div>\n\t\t\t\t<\/div>\n\t\t\t\t\t<\/div>\n\t\t<\/div>\n\t\t\t\t\t<\/div>\n\t\t<\/section>\n\t\t\t\t<\/div>\n\t\t","protected":false},"excerpt":{"rendered":"<p>\u00dcBER UNS Start \/ \u00dcber uns Wir besitzen die Rechte an den unten aufgef\u00fchrten Industriedesigns. \u00a0 https:\/\/ewyszukiwarka.pue.uprp.gov.pl\/search\/pwp-details\/Wp.32988 https:\/\/ewyszukiwarka.pue.uprp.gov.pl\/search\/pwp-details\/Wp.32980 https:\/\/ewyszukiwarka.pue.uprp.gov.pl\/search\/pwp-details\/Wp.32982 https:\/\/ewyszukiwarka.pue.uprp.gov.pl\/search\/pwp-details\/Wp.32985 https:\/\/ewyszukiwarka.pue.uprp.gov.pl\/search\/pwp-details\/Wp.32986 https:\/\/ewyszukiwarka.pue.uprp.gov.pl\/search\/pwp-details\/Wp.32981 https:\/\/ewyszukiwarka.pue.uprp.gov.pl\/search\/pwp-details\/Wp.32987 https:\/\/ewyszukiwarka.pue.uprp.gov.pl\/search\/pwp-details\/Wp.32989 https:\/\/ewyszukiwarka.pue.uprp.gov.pl\/search\/pwp-details\/Wp.32611 https:\/\/ewyszukiwarka.pue.uprp.gov.pl\/search\/pwp-details\/Wp.32674 https:\/\/ewyszukiwarka.pue.uprp.gov.pl\/search\/pwp-details\/Wp.32612 https:\/\/ewyszukiwarka.pue.uprp.gov.pl\/search\/pwp-details\/Wp.33029 https:\/\/ewyszukiwarka.pue.uprp.gov.pl\/search\/pwp-details\/Wp.33030 https:\/\/ewyszukiwarka.pue.uprp.gov.pl\/search\/pwp-details\/Wp.33009 https:\/\/ewyszukiwarka.pue.uprp.gov.pl\/search\/pwp-details\/Wp.33031 https:\/\/ewyszukiwarka.pue.uprp.gov.pl\/search\/pwp-details\/Wp.33032 \u00a0 Wir platzieren unser Logo als Marke auf unseren Produkten, welches auch beim Patentamt eingetragen ist. \u00a0 https:\/\/ewyszukiwarka.pue.uprp.gov.pl\/search\/pwp-details\/Z.5692992 Mission Vision Geschichte Mission Wir [&hellip;]<\/p>\n","protected":false},"author":1,"featured_media":0,"parent":0,"menu_order":0,"comment_status":"closed","ping_status":"closed","template":"elementor_header_footer","meta":{"_monsterinsights_skip_tracking":false,"_monsterinsights_sitenote_active":false,"_monsterinsights_sitenote_note":"","_monsterinsights_sitenote_category":0,"footnotes":""},"class_list":["post-2121","page","type-page","status-publish","hentry"],"aioseo_notices":[],"_links":{"self":[{"href":"https:\/\/mcarconstruction.com\/de\/index.php\/wp-json\/wp\/v2\/pages\/2121","targetHints":{"allow":["GET"]}}],"collection":[{"href":"https:\/\/mcarconstruction.com\/de\/index.php\/wp-json\/wp\/v2\/pages"}],"about":[{"href":"https:\/\/mcarconstruction.com\/de\/index.php\/wp-json\/wp\/v2\/types\/page"}],"author":[{"embeddable":true,"href":"https:\/\/mcarconstruction.com\/de\/index.php\/wp-json\/wp\/v2\/users\/1"}],"replies":[{"embeddable":true,"href":"https:\/\/mcarconstruction.com\/de\/index.php\/wp-json\/wp\/v2\/comments?post=2121"}],"version-history":[{"count":4,"href":"https:\/\/mcarconstruction.com\/de\/index.php\/wp-json\/wp\/v2\/pages\/2121\/revisions"}],"predecessor-version":[{"id":2125,"href":"https:\/\/mcarconstruction.com\/de\/index.php\/wp-json\/wp\/v2\/pages\/2121\/revisions\/2125"}],"wp:attachment":[{"href":"https:\/\/mcarconstruction.com\/de\/index.php\/wp-json\/wp\/v2\/media?parent=2121"}],"curies":[{"name":"wp","href":"https:\/\/api.w.org\/{rel}","templated":true}]}}