{"id":1998,"date":"2024-04-30T10:59:52","date_gmt":"2024-04-30T08:59:52","guid":{"rendered":"https:\/\/mcarconstruction.com\/index.php\/blog\/"},"modified":"2025-07-31T19:10:40","modified_gmt":"2025-07-31T17:10:40","slug":"blog","status":"publish","type":"page","link":"https:\/\/mcarconstruction.com\/pl\/index.php\/blog\/","title":{"rendered":"Blog"},"content":{"rendered":"\t\t<div data-elementor-type=\"wp-page\" data-elementor-id=\"1998\" class=\"elementor elementor-1998 elementor-362\" data-elementor-post-type=\"page\">\n\t\t\t\t\t\t<section class=\"elementor-section elementor-top-section elementor-element elementor-element-a26d72a elementor-section-full_width elementor-section-stretched elementor-section-height-default elementor-section-height-default\" data-id=\"a26d72a\" data-element_type=\"section\" data-settings=\"{&quot;stretch_section&quot;:&quot;section-stretched&quot;}\">\n\t\t\t\t\t\t<div class=\"elementor-container elementor-column-gap-no\">\n\t\t\t\t\t<div class=\"elementor-column elementor-col-100 elementor-top-column elementor-element elementor-element-0feac95\" data-id=\"0feac95\" data-element_type=\"column\">\n\t\t\t<div class=\"elementor-widget-wrap elementor-element-populated\">\n\t\t\t\t\t\t<div class=\"elementor-element elementor-element-6bf7fa8 elementor-widget elementor-widget-blog-post\" data-id=\"6bf7fa8\" data-element_type=\"widget\" data-widget_type=\"blog-post.default\">\n\t\t\t\t<div class=\"elementor-widget-container\">\n\t\t\t\t\t<div class=\"ak-height-75 ak-height-lg-80\"><\/div>\r\n    \t<section class=\"container  \"><h2 class=\"disp\">Section Heading<\/h2><div class=\"blog-feature 316\">\r\n\t\t\t<div class=\"feature-content\" data-aos=\"fade-right\" data-aos-delay=\"600\">\r\n\t\t\t\t<p class=\"data\">07. 31. 2025<\/p>\r\n\t\t\t\t<h4 class=\"title\">Witamy na naszej nowej stronie internetowej<\/h4>\r\n\t\t\t\t<p class=\"desp\">W\u0142a\u015bnie dzisiaj mo\u017cemy dumnie przedstawi\u0107 nasz\u0105 now\u0105 stron\u0119 internetow\u0105, dzi\u0119ki kt\u00f3rej mamy nadziej\u0119 ka\u017cdy odwiedzaj\u0105cy b\u0119dzie m\u00f3g\u0142 z \u0142atwo\u015bci\u0105 i przyjemno\u015bci\u0105 przegl\u0105da\u0107 owoce naszej ci\u0119\u017ckiej pracy i zaanga\u017cowania w projekty, kt\u00f3rym oddajemy si\u0119 w ca\u0142o\u015bci. Zapraszamy do ogl\u0105dania zdj\u0119\u0107 z realizacji<\/p>\r\n\t\t\t\t<a href=\"https:\/\/mcarconstruction.com\/pl\/index.php\/2025\/07\/31\/witamy-na-naszej-nowej-stronie-internetowej\/\" class=\"more-btn\">READ MORE<\/a>\r\n\t\t\t<\/div>\r\n\t\t\t<div class=\"feature-img\" data-aos=\"fade-left\" data-aos-delay=\"600\">\r\n\t\t\t\t<img decoding=\"async\" src=\"https:\/\/mcarconstruction.com\/wp-content\/uploads\/2025\/07\/mcar-logo.png\" alt=\"MCar Construction\">\r\n\t\t\t<\/div>\r\n\t\t<\/div><\/section>\t\t\t\t<\/div>\n\t\t\t\t<\/div>\n\t\t\t\t\t<\/div>\n\t\t<\/div>\n\t\t\t\t\t<\/div>\n\t\t<\/section>\n\t\t\t\t<section class=\"elementor-section elementor-top-section elementor-element elementor-element-e65d22a elementor-section-full_width elementor-section-stretched elementor-section-height-default elementor-section-height-default\" data-id=\"e65d22a\" data-element_type=\"section\" data-settings=\"{&quot;stretch_section&quot;:&quot;section-stretched&quot;}\">\n\t\t\t\t\t\t<div class=\"elementor-container elementor-column-gap-no\">\n\t\t\t\t\t<div class=\"elementor-column elementor-col-100 elementor-top-column elementor-element elementor-element-f4ed270\" data-id=\"f4ed270\" data-element_type=\"column\">\n\t\t\t<div class=\"elementor-widget-wrap elementor-element-populated\">\n\t\t\t\t\t\t<div class=\"elementor-element elementor-element-440d4d2 elementor-widget elementor-widget-blog-post\" data-id=\"440d4d2\" data-element_type=\"widget\" data-widget_type=\"blog-post.default\">\n\t\t\t\t<div class=\"elementor-widget-container\">\n\t\t\t\t\t\r\n\t\t<div class=\"ak-height-50 ak-height-lg-50\"><\/div>\r\n\t\t<div class=\"container\">\r\n\t\t\t<div class=\"row row-cols-1 row-cols-md-1 row-cols-lg-3 g-5 g-lg-4 pagination-wrapper\"><div class=\"col\">\r\n\t\t<div class=\"blog-card\" data-aos=\"fade-up\">\t\t<a href=\"https:\/\/mcarconstruction.com\/pl\/index.php\/2025\/07\/31\/prawa-patentowe\/\">\r\n\t\t\t\t<div class=\"blog-header-info\">\r\n\t\t\t\t\t<img decoding=\"async\" src=\"https:\/\/mcarconstruction.com\/wp-content\/uploads\/2025\/07\/patent-413x316.png\" alt=\"MCar Construction\">\r\n\t\t\t\t<\/div>\r\n\t\t\t<\/a>\t\t<div class=\"blog-body-info\">\r\n\t\t\t\t<p class=\"blog-text\">07. 31. 2025<\/p>\r\n\t\t\t\t<a href=\"https:\/\/mcarconstruction.com\/pl\/index.php\/2025\/07\/31\/prawa-patentowe\/\" class=\"blog-title\">\r\n\t\t\t\t\tPrawa patentowe\r\n\t\t\t\t<\/a>\r\n\t\t\t<\/div>\r\n\t\t\t<div class=\"blog-footer-info\">\r\n\t\t\t\t<a href=\"https:\/\/mcarconstruction.com\/pl\/index.php\/2025\/07\/31\/prawa-patentowe\/\" class=\"more-btn\">READ MORE<\/a>\r\n\t\t\t<\/div>\r\n\t\t<\/div>\r\n\t<\/div>  <\/div>\r\n\t\t<div class=\"ak-height-100 ak-height-lg-60\"><\/div>\r\n\t\t<div id=\"pagination-container\" class=\"pagination-style\"><\/div>\r\n\r\n\t<\/div>\t\t\t\t<\/div>\n\t\t\t\t<\/div>\n\t\t\t\t\t<\/div>\n\t\t<\/div>\n\t\t\t\t\t<\/div>\n\t\t<\/section>\n\t\t\t\t<\/div>\n\t\t","protected":false},"excerpt":{"rendered":"<p>Section Heading 07. 31. 2025 Witamy na naszej nowej stronie internetowej W\u0142a\u015bnie dzisiaj mo\u017cemy dumnie przedstawi\u0107 nasz\u0105 now\u0105 stron\u0119 internetow\u0105, dzi\u0119ki kt\u00f3rej mamy nadziej\u0119 ka\u017cdy odwiedzaj\u0105cy b\u0119dzie m\u00f3g\u0142 z \u0142atwo\u015bci\u0105 i przyjemno\u015bci\u0105 przegl\u0105da\u0107 owoce naszej ci\u0119\u017ckiej pracy i zaanga\u017cowania w projekty, kt\u00f3rym oddajemy si\u0119 w ca\u0142o\u015bci. Zapraszamy do ogl\u0105dania zdj\u0119\u0107 z realizacji READ MORE 07. [&hellip;]<\/p>\n","protected":false},"author":1,"featured_media":0,"parent":0,"menu_order":0,"comment_status":"closed","ping_status":"closed","template":"page-fullwidth.php","meta":{"_monsterinsights_skip_tracking":false,"_monsterinsights_sitenote_active":false,"_monsterinsights_sitenote_note":"","_monsterinsights_sitenote_category":0,"footnotes":""},"class_list":["post-1998","page","type-page","status-publish","hentry"],"aioseo_notices":[],"_links":{"self":[{"href":"https:\/\/mcarconstruction.com\/pl\/index.php\/wp-json\/wp\/v2\/pages\/1998","targetHints":{"allow":["GET"]}}],"collection":[{"href":"https:\/\/mcarconstruction.com\/pl\/index.php\/wp-json\/wp\/v2\/pages"}],"about":[{"href":"https:\/\/mcarconstruction.com\/pl\/index.php\/wp-json\/wp\/v2\/types\/page"}],"author":[{"embeddable":true,"href":"https:\/\/mcarconstruction.com\/pl\/index.php\/wp-json\/wp\/v2\/users\/1"}],"replies":[{"embeddable":true,"href":"https:\/\/mcarconstruction.com\/pl\/index.php\/wp-json\/wp\/v2\/comments?post=1998"}],"version-history":[{"count":3,"href":"https:\/\/mcarconstruction.com\/pl\/index.php\/wp-json\/wp\/v2\/pages\/1998\/revisions"}],"predecessor-version":[{"id":2001,"href":"https:\/\/mcarconstruction.com\/pl\/index.php\/wp-json\/wp\/v2\/pages\/1998\/revisions\/2001"}],"wp:attachment":[{"href":"https:\/\/mcarconstruction.com\/pl\/index.php\/wp-json\/wp\/v2\/media?parent=1998"}],"curies":[{"name":"wp","href":"https:\/\/api.w.org\/{rel}","templated":true}]}}