{"id":2107,"date":"2025-07-31T22:01:28","date_gmt":"2025-07-31T20:01:28","guid":{"rendered":"https:\/\/mcarconstruction.com\/?page_id=2107"},"modified":"2025-07-31T22:17:31","modified_gmt":"2025-07-31T20:17:31","slug":"o-nas","status":"publish","type":"page","link":"https:\/\/mcarconstruction.com\/pl\/index.php\/o-nas\/","title":{"rendered":"O nas"},"content":{"rendered":"\t\t<div data-elementor-type=\"wp-page\" data-elementor-id=\"2107\" class=\"elementor elementor-2107\" data-elementor-post-type=\"page\">\n\t\t\t\t<div class=\"elementor-element elementor-element-5b8a2b7 e-flex e-con-boxed e-con e-parent\" data-id=\"5b8a2b7\" data-element_type=\"container\" data-settings=\"{&quot;background_background&quot;:&quot;classic&quot;}\">\n\t\t\t\t\t<div class=\"e-con-inner\">\n\t\t\t\t<div class=\"elementor-element elementor-element-bf6be8f elementor-widget elementor-widget-heading\" data-id=\"bf6be8f\" data-element_type=\"widget\" data-widget_type=\"heading.default\">\n\t\t\t\t<div class=\"elementor-widget-container\">\n\t\t\t\t\t<h2 class=\"elementor-heading-title elementor-size-default\">O NAS<\/h2>\t\t\t\t<\/div>\n\t\t\t\t<\/div>\n\t\t\t\t<div class=\"elementor-element elementor-element-2611538 elementor-widget elementor-widget-text-editor\" data-id=\"2611538\" data-element_type=\"widget\" data-widget_type=\"text-editor.default\">\n\t\t\t\t<div class=\"elementor-widget-container\">\n\t\t\t\t\t\t\t\t\t<p><a href=\"https:\/\/mcarconstruction.com\/\">Strona g\u0142\u00f3wna<\/a> \/ <a href=\"https:\/\/mcarconstruction.com\/index.php\/about\/\">O nas<\/a><\/p>\t\t\t\t\t\t\t\t<\/div>\n\t\t\t\t<\/div>\n\t\t\t\t\t<\/div>\n\t\t\t\t<\/div>\n\t\t<div class=\"elementor-element elementor-element-08cee20 e-flex e-con-boxed e-con e-parent\" data-id=\"08cee20\" data-element_type=\"container\">\n\t\t\t\t\t<div class=\"e-con-inner\">\n\t\t\t\t<div class=\"elementor-element elementor-element-b3a3592 elementor-widget-divider--view-line elementor-widget elementor-widget-divider\" data-id=\"b3a3592\" data-element_type=\"widget\" data-widget_type=\"divider.default\">\n\t\t\t\t<div class=\"elementor-widget-container\">\n\t\t\t\t\t\t\t<div class=\"elementor-divider\">\n\t\t\t<span class=\"elementor-divider-separator\">\n\t\t\t\t\t\t<\/span>\n\t\t<\/div>\n\t\t\t\t\t\t<\/div>\n\t\t\t\t<\/div>\n\t\t\t\t<div class=\"elementor-element elementor-element-bff93c0 elementor-widget elementor-widget-text-editor\" data-id=\"bff93c0\" data-element_type=\"widget\" data-widget_type=\"text-editor.default\">\n\t\t\t\t<div class=\"elementor-widget-container\">\n\t\t\t\t\t\t\t\t\t<p style=\"text-align: center;\">Posiadamy prawa do wzor\u00f3w przemys\u0142owych wymienionych poni\u017cej.<\/p><p>\u00a0<\/p><p><a href=\"https:\/\/ewyszukiwarka.pue.uprp.gov.pl\/search\/pwp-details\/Wp.32988&lt;\" target=\"_blank\" rel=\"noopener\">https:\/\/ewyszukiwarka.pue.uprp.gov.pl\/search\/pwp-details\/Wp.32988<\/a><\/p><p><a href=\"https:\/\/ewyszukiwarka.pue.uprp.gov.pl\/search\/pwp-details\/Wp.32980\" target=\"_blank\" rel=\"noopener\">https:\/\/ewyszukiwarka.pue.uprp.gov.pl\/search\/pwp-details\/Wp.32980<\/a><\/p><p><a href=\"https:\/\/ewyszukiwarka.pue.uprp.gov.pl\/search\/pwp-details\/Wp.32982\" target=\"_blank\" rel=\"noopener\">https:\/\/ewyszukiwarka.pue.uprp.gov.pl\/search\/pwp-details\/Wp.32982<\/a><\/p><p><a href=\"https:\/\/ewyszukiwarka.pue.uprp.gov.pl\/search\/pwp-details\/Wp.32985\" target=\"_blank\" rel=\"noopener\">https:\/\/ewyszukiwarka.pue.uprp.gov.pl\/search\/pwp-details\/Wp.32985<\/a><\/p><p><a href=\"https:\/\/ewyszukiwarka.pue.uprp.gov.pl\/search\/pwp-details\/Wp.32986\" target=\"_blank\" rel=\"noopener\">https:\/\/ewyszukiwarka.pue.uprp.gov.pl\/search\/pwp-details\/Wp.32986<\/a><\/p><p><a href=\"https:\/\/ewyszukiwarka.pue.uprp.gov.pl\/search\/pwp-details\/Wp.32981\" target=\"_blank\" rel=\"noopener\">https:\/\/ewyszukiwarka.pue.uprp.gov.pl\/search\/pwp-details\/Wp.32981<\/a><\/p><p><a href=\"https:\/\/ewyszukiwarka.pue.uprp.gov.pl\/search\/pwp-details\/Wp.32987\" target=\"_blank\" rel=\"noopener\">https:\/\/ewyszukiwarka.pue.uprp.gov.pl\/search\/pwp-details\/Wp.32987<\/a><\/p><p><a href=\"https:\/\/ewyszukiwarka.pue.uprp.gov.pl\/search\/pwp-details\/Wp.32989\" target=\"_blank\" rel=\"noopener\">https:\/\/ewyszukiwarka.pue.uprp.gov.pl\/search\/pwp-details\/Wp.32989<\/a><\/p><p><a href=\"https:\/\/ewyszukiwarka.pue.uprp.gov.pl\/search\/pwp-details\/Wp.32611\" target=\"_blank\" rel=\"noopener\">https:\/\/ewyszukiwarka.pue.uprp.gov.pl\/search\/pwp-details\/Wp.32611<\/a><\/p><p><a href=\"https:\/\/ewyszukiwarka.pue.uprp.gov.pl\/search\/pwp-details\/Wp.32674\" target=\"_blank\" rel=\"noopener\">https:\/\/ewyszukiwarka.pue.uprp.gov.pl\/search\/pwp-details\/Wp.32674<\/a><\/p><p><a href=\"https:\/\/ewyszukiwarka.pue.uprp.gov.pl\/search\/pwp-details\/Wp.32612\" target=\"_blank\" rel=\"noopener\">https:\/\/ewyszukiwarka.pue.uprp.gov.pl\/search\/pwp-details\/Wp.32612<\/a><\/p><p><a href=\"https:\/\/ewyszukiwarka.pue.uprp.gov.pl\/search\/pwp-details\/Wp.33029\" target=\"_blank\" rel=\"noopener\">https:\/\/ewyszukiwarka.pue.uprp.gov.pl\/search\/pwp-details\/Wp.33029<\/a><\/p><p><a href=\"https:\/\/ewyszukiwarka.pue.uprp.gov.pl\/search\/pwp-details\/Wp.33030\" target=\"_blank\" rel=\"noopener\">https:\/\/ewyszukiwarka.pue.uprp.gov.pl\/search\/pwp-details\/Wp.33030<\/a><\/p><p><a href=\"https:\/\/ewyszukiwarka.pue.uprp.gov.pl\/search\/pwp-details\/Wp.33009\" target=\"_blank\" rel=\"noopener\">https:\/\/ewyszukiwarka.pue.uprp.gov.pl\/search\/pwp-details\/Wp.33009<\/a><\/p><p><a href=\"https:\/\/ewyszukiwarka.pue.uprp.gov.pl\/search\/pwp-details\/Wp.33031\" target=\"_blank\" rel=\"noopener\">https:\/\/ewyszukiwarka.pue.uprp.gov.pl\/search\/pwp-details\/Wp.33031<\/a><\/p><p><a href=\"https:\/\/ewyszukiwarka.pue.uprp.gov.pl\/search\/pwp-details\/Wp.33032\" target=\"_blank\" rel=\"noopener\">https:\/\/ewyszukiwarka.pue.uprp.gov.pl\/search\/pwp-details\/Wp.33032<\/a><\/p><p>\u00a0<\/p><p style=\"text-align: center;\">Na naszych produktach umieszczamy nasze logo jako znak towarowy, kt\u00f3ry jest r\u00f3wnie\u017c zastrze\u017cony w urz\u0119dzie patentowym.<\/p><p>\u00a0<\/p><p><a href=\"https:\/\/ewyszukiwarka.pue.uprp.gov.pl\/search\/pwp-details\/Z.5692992\" target=\"_blank\" rel=\"noopener\">https:\/\/ewyszukiwarka.pue.uprp.gov.pl\/search\/pwp-details\/Z.5692992<\/a><\/p>\t\t\t\t\t\t\t\t<\/div>\n\t\t\t\t<\/div>\n\t\t\t\t\t<\/div>\n\t\t\t\t<\/div>\n\t\t<div class=\"elementor-element elementor-element-58f162a e-flex e-con-boxed e-con e-parent\" data-id=\"58f162a\" data-element_type=\"container\">\n\t\t\t\t\t<div class=\"e-con-inner\">\n\t\t\t\t<div class=\"elementor-element elementor-element-4dcb294 elementor-widget elementor-widget-widget-tab\" data-id=\"4dcb294\" data-element_type=\"widget\" data-widget_type=\"widget-tab.default\">\n\t\t\t\t<div class=\"elementor-widget-container\">\n\t\t\t\t\t<div class=\"ak-height-125 ak-height-lg-80\"><\/div>\r\n        <div class=\"container \">\r\n            <div class=\"company-tab\">\r\n                <ul class=\"tabs\">                <li class=\"active-tab\">Misja<\/li>                <li>Wizja<\/li>                <li>Historia<\/li>             <\/ul>\r\n\r\n                <div class=\"tabs-content\"><div class=\"list\">\r\n            <div class=\"ak-section-heading ak-style-1 ak-type-1\">\r\n                <div class=\"background-text\">Misja<\/div>\r\n                <h3 class=\"desp\"> Chcemy jak najlepiej sprosta\u0107 wyzwaniom i potrzebom naszych klient\u00f3w, nawet tych najbardziej wymagaj\u0105cych. <\/h3>\r\n            <\/div>\r\n        <\/div><div class=\"list\">\r\n            <div class=\"ak-section-heading ak-style-1 ak-type-1\">\r\n                <div class=\"background-text\">Wizja<\/div>\r\n                <h3 class=\"desp\"> Wierzymy, \u017ce dzi\u0119ki innowacyjnym rozwi\u0105zaniom i nowoczesnemu wygl\u0105dowi budynku oraz indywidualnemu podej\u015bciu do ka\u017cdego zlecenia, nasi klienci b\u0119d\u0105 w 100% usatysfakcjonowani. <\/h3>\r\n            <\/div>\r\n        <\/div><div class=\"list\">\r\n            <div class=\"ak-section-heading ak-style-1 ak-type-1\">\r\n                <div class=\"background-text\">Historia<\/div>\r\n                <h3 class=\"desp\"> Nasza firma dzia\u0142a pod nazw\u0105 MCar Construction od 2015 roku, ale produkcj\u0105 nadwozi samochodowych zajmujemy si\u0119 ju\u017c od ponad 20 lat. <\/h3>\r\n            <\/div>\r\n        <\/div><\/div>\r\n                <\/div>\r\n            <\/div>\t\t\t\t<\/div>\n\t\t\t\t<\/div>\n\t\t\t\t<div class=\"elementor-element elementor-element-0b5c583 elementor-widget elementor-widget-widget-wcu\" data-id=\"0b5c583\" data-element_type=\"widget\" data-widget_type=\"widget-wcu.default\">\n\t\t\t\t<div class=\"elementor-widget-container\">\n\t\t\t\t\t<div class=\"ak-height-125 ak-height-lg-80\"><\/div>\r\n\t<section class=\"container \">\r\n\t\t<h2 class=\"disp\">Section Heading<\/h2>\r\n\t\t<div class=\"choose-us-container-extents\">\r\n\t\t\t<div class=\"choose-us-contain\">\r\n\t\t\t\t<div class=\"choose-us-info\" data-aos=\"fade-up\">\r\n\t\t\t\t\t<div class=\"ak-section-heading ak-style-1\">\r\n\t\t\t\t\t\t<div class=\"background-text\">Do\u015bwiadczenie<\/div>\r\n\t\t\t\t\t\t<h2 class=\"ak-section-title\">Dlaczego my<\/h2>\r\n\t\t\t\t\t\t<p class=\"ak-section-subtitle\">Posiadamy wieloletnie do\u015bwiadczenie w produkcji nadwozi do koniowoz\u00f3w. Dzi\u0119ki niemu opracowali\u015bmy mechanizmy, kt\u00f3re doskonale sprawdzaj\u0105 si\u0119 w tego typu nadwoziach. Nasi klienci mog\u0105 wi\u0119c spa\u0107 spokojnie, wiedz\u0105c, \u017ce ich zam\u00f3wienie zostanie zrealizowane dok\u0142adnie tak, jak oczekuj\u0105.<\/p>\r\n\t\t\t\t\t<\/div>\r\n\t\t\t\t\t<div class=\"ak-height-60 ak-height-lg-30\"><\/div>\r\n\t\t\t\t\t<div class=\"stroke-heading-text\"><h3 class=\"ak-stroke-text hover-color-changes\">Wykwalifikowani technicy<\/h3><h3 class=\"ak-stroke-text hover-color-changes\">Sprawdzone mechanizmy konstrukcyjne<\/h3><h3 class=\"ak-stroke-text hover-color-changes\">Wielu zadowolonych klient\u00f3w<\/h3><h3 class=\"ak-stroke-text hover-color-changes\">Gwarancja na wszystkie elementy nadwozia<\/h3><\/div>\r\n\t\t\t\t\t<div class=\"ak-height-60 ak-height-lg-30\"><\/div>\r\n\t\t\t\t\t<a href=\"https:\/\/mcarconstruction.com\/pl\/index.php\/kontakt\/\" class=\"common-btn\">\r\n\t\t\t\t\tSkontaktuj si\u0119 z nami\r\n\t\t\t\t\t<\/a>\r\n\t\t\t\t<\/div>\r\n\t\t\t\t<div class=\"choose-us-img\" data-aos=\"fade-up\" data-aos-delay=\"150\">\r\n\t\t\t\t\t<img decoding=\"async\" src=\"https:\/\/mcarconstruction.com\/wp-content\/uploads\/2025\/06\/choose-us2.png\" alt=\"MCar Construction\">\r\n\t\t\t\t\t<img decoding=\"async\" class=\"circle-img\" src=\"https:\/\/mcarconstruction.com\/wp-content\/uploads\/2025\/07\/circle.png\" alt=\"MCar Construction\">\r\n\t\t\t\t<\/div>\r\n\t\t\t<\/div>\r\n\t\t<\/div>\r\n\t<\/section>\t\t\t\t<\/div>\n\t\t\t\t<\/div>\n\t\t\t\t\t<\/div>\n\t\t\t\t<\/div>\n\t\t\t\t<section class=\"elementor-section elementor-top-section elementor-element elementor-element-161919d elementor-section-full_width elementor-section-stretched elementor-section-height-default elementor-section-height-default\" data-id=\"161919d\" data-element_type=\"section\" data-settings=\"{&quot;stretch_section&quot;:&quot;section-stretched&quot;}\">\n\t\t\t\t\t\t<div class=\"elementor-container elementor-column-gap-no\">\n\t\t\t\t\t<div class=\"elementor-column elementor-col-100 elementor-top-column elementor-element elementor-element-b46dcea\" data-id=\"b46dcea\" data-element_type=\"column\">\n\t\t\t<div class=\"elementor-widget-wrap elementor-element-populated\">\n\t\t\t\t\t\t<div class=\"elementor-element elementor-element-5a753df elementor-widget elementor-widget-widget-funfact\" data-id=\"5a753df\" data-element_type=\"widget\" data-widget_type=\"widget-funfact.default\">\n\t\t\t\t<div class=\"elementor-widget-container\">\n\t\t\t\t\t<div class=\"ak-height-125 ak-height-lg-80\"><\/div>\r\n        <div class=\"ak-primary-bg \">\r\n            <div class=\"ak-height-65 ak-height-lg-50\"><\/div>\r\n            <div class=\"container\">\r\n                <div class=\"row align-items-center gap-lg-0\"><div class=\"col-lg-4\">\r\n            <div class=\"ak-funfact ak-style1\" data-aos=\"fade-up\">\r\n                <div class=\"ak-funfact-number color-1\">\r\n                    <div>\r\n                        <span class=\"ak-stroke-number color-white\">100<\/span>\r\n                    <\/div>\r\n                    <div><span class=\"ak-stroke-number color-white\">+<\/span><\/div>\r\n                <\/div>\r\n                <div class=\"ak-funfact-text\">\r\n                    <p>ZADOWOLONYCH KLIENT\u00d3W<\/p>\r\n                <\/div>\r\n            <\/div>\r\n        <\/div><div class=\"col-lg-4\">\r\n            <div class=\"ak-funfact ak-style1\" data-aos=\"fade-up\">\r\n                <div class=\"ak-funfact-number color-1\">\r\n                    <div>\r\n                        <span class=\"ak-stroke-number color-white\">20<\/span>\r\n                    <\/div>\r\n                    <div><span class=\"ak-stroke-number color-white\">+<\/span><\/div>\r\n                <\/div>\r\n                <div class=\"ak-funfact-text\">\r\n                    <p>LAT W BRAN\u017bY<\/p>\r\n                <\/div>\r\n            <\/div>\r\n        <\/div><div class=\"col-lg-4\">\r\n            <div class=\"ak-funfact ak-style1\" data-aos=\"fade-up\">\r\n                <div class=\"ak-funfact-number color-1\">\r\n                    <div>\r\n                        <span class=\"ak-stroke-number color-white\">200<\/span>\r\n                    <\/div>\r\n                    <div><span class=\"ak-stroke-number color-white\">+<\/span><\/div>\r\n                <\/div>\r\n                <div class=\"ak-funfact-text\">\r\n                    <p>ZREALIZOWANE ZLECENIA<\/p>\r\n                <\/div>\r\n            <\/div>\r\n        <\/div>\t    <\/div>\r\n            <\/div>\r\n            <div class=\"ak-height-65 ak-height-lg-50\"><\/div>\r\n        <\/div>\t\t\t\t<\/div>\n\t\t\t\t<\/div>\n\t\t\t\t\t<\/div>\n\t\t<\/div>\n\t\t\t\t\t<\/div>\n\t\t<\/section>\n\t\t\t\t<section class=\"elementor-section elementor-top-section elementor-element elementor-element-5929372 elementor-section-full_width elementor-section-stretched elementor-section-height-default elementor-section-height-default\" data-id=\"5929372\" data-element_type=\"section\" data-settings=\"{&quot;stretch_section&quot;:&quot;section-stretched&quot;}\">\n\t\t\t\t\t\t<div class=\"elementor-container elementor-column-gap-no\">\n\t\t\t\t\t<div class=\"elementor-column elementor-col-100 elementor-top-column elementor-element elementor-element-63f6075\" data-id=\"63f6075\" data-element_type=\"column\">\n\t\t\t<div class=\"elementor-widget-wrap elementor-element-populated\">\n\t\t\t\t\t\t<div class=\"elementor-element elementor-element-ddee57c elementor-widget elementor-widget-widget-testimonials\" data-id=\"ddee57c\" data-element_type=\"widget\" data-widget_type=\"widget-testimonials.default\">\n\t\t\t\t<div class=\"elementor-widget-container\">\n\t\t\t\t\t<div class=\"ak-height-125 ak-height-lg-80\"><\/div>\r\n\t\t<div class=\"container\">\r\n\t\t\t<div class=\"ak-testimonal-controll\">\r\n\t\t\t\t<div class=\"testimonal-heading\" data-aos=\"fade-right\">\r\n\t\t\t\t\t<div class=\"ak-section-heading ak-style-1\">\r\n\t\t\t\t\t\t<div class=\"background-text\" data-aos=\"fade-right\" data-aos-duration=\"1000\">Opinie<\/div>\r\n\t\t\t\t\t\t<h2 class=\"ak-section-title\">Zobacz co m\u00f3wi\u0105 o nas nasi<br>Zadowoleni klienci<\/h2>\r\n\t\t\t\t\t<\/div>\r\n\t\t\t\t<\/div>\r\n\t\t\t\t<div class=\"testimonal-controll\" data-aos=\"fade-left\">\r\n\t\t\t\t\t<button class=\"testimonal-prev button\">\r\n\t\t\t\t\t\t<img decoding=\"async\" src=\"https:\/\/mcarconstruction.com\/wp-content\/themes\/cras\/images\/prev.svg\" alt=\"MCar Construction\"><span> PREV<\/span>\r\n\t\t\t\t\t<\/button>\r\n\t\t\t\t\t<button class=\"testimonal-next button\">\r\n\t\t\t\t\t\t<span>NEXT<\/span> <img decoding=\"async\" src=\"https:\/\/mcarconstruction.com\/wp-content\/themes\/cras\/images\/next.svg\" alt=\"MCar Construction\">\r\n\t\t\t\t\t<\/button>\r\n\t\t\t\t<\/div>\r\n\t\t\t<\/div>\r\n\t\t\t<div class=\"ak-height-50 ak-height-lg-50\"><\/div>\r\n\t\t\t<div class=\"ak-testimonal\" data-aos=\"fade-up\">\r\n\t\t\t\t<div class=\"ak-slider ak-slider-testimonal\">\r\n\t\t\t\t\t<div class=\"swiper-wrapper\"><div class=\"swiper-slide\">\r\n\t\t\t<div class=\"testimonal-info ak-style1\">\r\n\t\t\t\t<div class=\"slider-info\">\r\n\t\t\t\t\t<div class=\"d-flex justify-content-between align-items-end\">\r\n\t\t\t\t\t\t<div>\r\n\t\t\t\t\t\t\t<h5 class=\"name\">Francois Gean<\/h5>\r\n\t\t\t\t\t\t\t<p class=\"from\">Z Belgii<\/p>\r\n\t\t\t\t\t\t<\/div>\r\n\t\t\t\t\t\t<div class=\"icon\">\r\n\t\t\t\t\t\t\t<svg xmlns=\"http:\/\/www.w3.org\/2000\/svg\" width=\"109\" height=\"81\"\r\n\t\t\t\t\t\t\t\tviewBox=\"0 0 109 81\" fill=\"none\">\r\n\t\t\t\t\t\t\t\t<g opacity=\"0.7\" clip-path=\"url(#clip0_219_726)\">\r\n\t\t\t\t\t\t\t\t\t<path\r\n\t\t\t\t\t\t\t\t\t\td=\"M24.8606 80.2504C27.2135 76.6896 47.9194 44.6582 51.3233 31.1053C53.5194 22.3053 51.8096 15.5445 45.739 9.14449C36.0449 -1.09865 19.8567 -1.11431 11.0096 6.43079C1.59785 14.4622 -1.14726 29.8504 5.45666 39.2622C10.539 46.4935 15.2292 48.219 25.1586 51.4503C25.4253 56.5797 24.9861 77.0975 24.8606 80.2504Z\"\r\n\t\t\t\t\t\t\t\t\t\tfill=\"#FF3D24\" \/>\r\n\t\t\t\t\t\t\t\t\t<path\r\n\t\t\t\t\t\t\t\t\t\td=\"M81.2214 80.2504C83.5743 76.6896 104.28 44.6582 107.668 31.1053C109.88 22.3053 108.155 15.5445 102.084 9.14449C92.4057 -1.09865 76.2175 -1.11431 67.3704 6.43079C57.9586 14.4622 55.1978 29.8504 61.8174 39.2622C66.8841 46.4935 71.5743 48.219 81.5194 51.4503C81.7861 56.5797 81.3312 77.0975 81.2214 80.2504Z\"\r\n\t\t\t\t\t\t\t\t\t\tfill=\"#FF3D24\" \/>\r\n\t\t\t\t\t\t\t\t<\/g>\r\n\t\t\t\t\t\t\t\t<defs>\r\n\t\t\t\t\t\t\t\t\t<clipPath>\r\n\t\t\t\t\t\t\t\t\t\t<rect width=\"108.235\" height=\"80\" fill=\"white\"\r\n\t\t\t\t\t\t\t\t\t\t\ttransform=\"translate(0.671997 0.966797)\" \/>\r\n\t\t\t\t\t\t\t\t\t<\/clipPath>\r\n\t\t\t\t\t\t\t\t<\/defs>\r\n\t\t\t\t\t\t\t<\/svg>\r\n\t\t\t\t\t\t<\/div>\r\n\t\t\t\t\t<\/div>\r\n\t\t\t\t\t<h4 class=\"desp\">\u201cNie wiedzia\u0142em, od czego zacz\u0105\u0107. Firma MCAR Construction doradzi\u0142a mi we wszystkim i przedstawi\u0142a swoj\u0105 wizj\u0119. Od razu wida\u0107, \u017ce maj\u0105 do\u015bwiadczenie w tego typu zleceniach.\u201d<\/h4>\r\n\t\t\t\t<\/div>\r\n\t\t\t\t<img decoding=\"async\" src=\"https:\/\/3jon.com\/demo\/nwp\/item\/cras\/wp-content\/uploads\/2024\/04\/testimaonial.png\" alt=\"MCar Construction\">\r\n\t\t\t<\/div>\r\n\t\t<\/div><div class=\"swiper-slide\">\r\n\t\t\t<div class=\"testimonal-info ak-style1\">\r\n\t\t\t\t<div class=\"slider-info\">\r\n\t\t\t\t\t<div class=\"d-flex justify-content-between align-items-end\">\r\n\t\t\t\t\t\t<div>\r\n\t\t\t\t\t\t\t<h5 class=\"name\">Robert Klatzky<\/h5>\r\n\t\t\t\t\t\t\t<p class=\"from\">Z Niemiec<\/p>\r\n\t\t\t\t\t\t<\/div>\r\n\t\t\t\t\t\t<div class=\"icon\">\r\n\t\t\t\t\t\t\t<svg xmlns=\"http:\/\/www.w3.org\/2000\/svg\" width=\"109\" height=\"81\"\r\n\t\t\t\t\t\t\t\tviewBox=\"0 0 109 81\" fill=\"none\">\r\n\t\t\t\t\t\t\t\t<g opacity=\"0.7\" clip-path=\"url(#clip0_219_726)\">\r\n\t\t\t\t\t\t\t\t\t<path\r\n\t\t\t\t\t\t\t\t\t\td=\"M24.8606 80.2504C27.2135 76.6896 47.9194 44.6582 51.3233 31.1053C53.5194 22.3053 51.8096 15.5445 45.739 9.14449C36.0449 -1.09865 19.8567 -1.11431 11.0096 6.43079C1.59785 14.4622 -1.14726 29.8504 5.45666 39.2622C10.539 46.4935 15.2292 48.219 25.1586 51.4503C25.4253 56.5797 24.9861 77.0975 24.8606 80.2504Z\"\r\n\t\t\t\t\t\t\t\t\t\tfill=\"#FF3D24\" \/>\r\n\t\t\t\t\t\t\t\t\t<path\r\n\t\t\t\t\t\t\t\t\t\td=\"M81.2214 80.2504C83.5743 76.6896 104.28 44.6582 107.668 31.1053C109.88 22.3053 108.155 15.5445 102.084 9.14449C92.4057 -1.09865 76.2175 -1.11431 67.3704 6.43079C57.9586 14.4622 55.1978 29.8504 61.8174 39.2622C66.8841 46.4935 71.5743 48.219 81.5194 51.4503C81.7861 56.5797 81.3312 77.0975 81.2214 80.2504Z\"\r\n\t\t\t\t\t\t\t\t\t\tfill=\"#FF3D24\" \/>\r\n\t\t\t\t\t\t\t\t<\/g>\r\n\t\t\t\t\t\t\t\t<defs>\r\n\t\t\t\t\t\t\t\t\t<clipPath>\r\n\t\t\t\t\t\t\t\t\t\t<rect width=\"108.235\" height=\"80\" fill=\"white\"\r\n\t\t\t\t\t\t\t\t\t\t\ttransform=\"translate(0.671997 0.966797)\" \/>\r\n\t\t\t\t\t\t\t\t\t<\/clipPath>\r\n\t\t\t\t\t\t\t\t<\/defs>\r\n\t\t\t\t\t\t\t<\/svg>\r\n\t\t\t\t\t\t<\/div>\r\n\t\t\t\t\t<\/div>\r\n\t\t\t\t\t<h4 class=\"desp\">\u201cMoje zam\u00f3wienie zosta\u0142o zrealizowane dok\u0142adnie tak, jak sobie wyobra\u017ca\u0142em. Pi\u0119kne wykonanie, dba\u0142o\u015b\u0107 o szczeg\u00f3\u0142y, o jakiej marzy\u0142em. Dodatkowo firma odebra\u0142a i dostarczy\u0142a m\u00f3j samoch\u00f3d pod dom.\u201d<\/h4>\r\n\t\t\t\t<\/div>\r\n\t\t\t\t<img decoding=\"async\" src=\"https:\/\/3jon.com\/demo\/nwp\/item\/cras\/wp-content\/uploads\/2024\/04\/testmaonail_1.png\" alt=\"MCar Construction\">\r\n\t\t\t<\/div>\r\n\t\t<\/div>\t\t\t<\/div>\r\n\t\t\t\t<\/div>\r\n\t\t\t\t<div class=\"testimonal-img\">\r\n\t\t\t\t\t<img decoding=\"async\" src=\"https:\/\/3jon.com\/demo\/nwp\/item\/cras\/wp-content\/uploads\/2024\/04\/testimaonial-img-bg.png\" alt=\"MCar Construction\" \/>\r\n\t\t\t\t<\/div>\r\n\t\t\t<\/div>\r\n\t\t<\/div>\t\t\t\t<\/div>\n\t\t\t\t<\/div>\n\t\t\t\t\t<\/div>\n\t\t<\/div>\n\t\t\t\t\t<\/div>\n\t\t<\/section>\n\t\t\t\t<\/div>\n\t\t","protected":false},"excerpt":{"rendered":"<p>O NAS Strona g\u0142\u00f3wna \/ O nas Posiadamy prawa do wzor\u00f3w przemys\u0142owych wymienionych poni\u017cej. \u00a0 https:\/\/ewyszukiwarka.pue.uprp.gov.pl\/search\/pwp-details\/Wp.32988 https:\/\/ewyszukiwarka.pue.uprp.gov.pl\/search\/pwp-details\/Wp.32980 https:\/\/ewyszukiwarka.pue.uprp.gov.pl\/search\/pwp-details\/Wp.32982 https:\/\/ewyszukiwarka.pue.uprp.gov.pl\/search\/pwp-details\/Wp.32985 https:\/\/ewyszukiwarka.pue.uprp.gov.pl\/search\/pwp-details\/Wp.32986 https:\/\/ewyszukiwarka.pue.uprp.gov.pl\/search\/pwp-details\/Wp.32981 https:\/\/ewyszukiwarka.pue.uprp.gov.pl\/search\/pwp-details\/Wp.32987 https:\/\/ewyszukiwarka.pue.uprp.gov.pl\/search\/pwp-details\/Wp.32989 https:\/\/ewyszukiwarka.pue.uprp.gov.pl\/search\/pwp-details\/Wp.32611 https:\/\/ewyszukiwarka.pue.uprp.gov.pl\/search\/pwp-details\/Wp.32674 https:\/\/ewyszukiwarka.pue.uprp.gov.pl\/search\/pwp-details\/Wp.32612 https:\/\/ewyszukiwarka.pue.uprp.gov.pl\/search\/pwp-details\/Wp.33029 https:\/\/ewyszukiwarka.pue.uprp.gov.pl\/search\/pwp-details\/Wp.33030 https:\/\/ewyszukiwarka.pue.uprp.gov.pl\/search\/pwp-details\/Wp.33009 https:\/\/ewyszukiwarka.pue.uprp.gov.pl\/search\/pwp-details\/Wp.33031 https:\/\/ewyszukiwarka.pue.uprp.gov.pl\/search\/pwp-details\/Wp.33032 \u00a0 Na naszych produktach umieszczamy nasze logo jako znak towarowy, kt\u00f3ry jest r\u00f3wnie\u017c zastrze\u017cony w urz\u0119dzie patentowym. \u00a0 https:\/\/ewyszukiwarka.pue.uprp.gov.pl\/search\/pwp-details\/Z.5692992 Misja Wizja Historia Misja Chcemy [&hellip;]<\/p>\n","protected":false},"author":1,"featured_media":0,"parent":0,"menu_order":0,"comment_status":"closed","ping_status":"closed","template":"elementor_header_footer","meta":{"_monsterinsights_skip_tracking":false,"_monsterinsights_sitenote_active":false,"_monsterinsights_sitenote_note":"","_monsterinsights_sitenote_category":0,"footnotes":""},"class_list":["post-2107","page","type-page","status-publish","hentry"],"aioseo_notices":[],"_links":{"self":[{"href":"https:\/\/mcarconstruction.com\/pl\/index.php\/wp-json\/wp\/v2\/pages\/2107","targetHints":{"allow":["GET"]}}],"collection":[{"href":"https:\/\/mcarconstruction.com\/pl\/index.php\/wp-json\/wp\/v2\/pages"}],"about":[{"href":"https:\/\/mcarconstruction.com\/pl\/index.php\/wp-json\/wp\/v2\/types\/page"}],"author":[{"embeddable":true,"href":"https:\/\/mcarconstruction.com\/pl\/index.php\/wp-json\/wp\/v2\/users\/1"}],"replies":[{"embeddable":true,"href":"https:\/\/mcarconstruction.com\/pl\/index.php\/wp-json\/wp\/v2\/comments?post=2107"}],"version-history":[{"count":10,"href":"https:\/\/mcarconstruction.com\/pl\/index.php\/wp-json\/wp\/v2\/pages\/2107\/revisions"}],"predecessor-version":[{"id":2119,"href":"https:\/\/mcarconstruction.com\/pl\/index.php\/wp-json\/wp\/v2\/pages\/2107\/revisions\/2119"}],"wp:attachment":[{"href":"https:\/\/mcarconstruction.com\/pl\/index.php\/wp-json\/wp\/v2\/media?parent=2107"}],"curies":[{"name":"wp","href":"https:\/\/api.w.org\/{rel}","templated":true}]}}